{"id":78,"date":"2023-09-19T11:40:55","date_gmt":"2023-09-19T11:40:55","guid":{"rendered":"http:\/\/lasbachschule.de\/?page_id=78"},"modified":"2025-07-02T09:38:20","modified_gmt":"2025-07-02T07:38:20","slug":"impressum","status":"publish","type":"page","link":"https:\/\/kinder-quierschied.de\/?page_id=78","title":{"rendered":"Impressum"},"content":{"rendered":"\n<p>F\u00fcr redaktionelle Inhalte der <strong>Grundschule Lasbach Quierschied<\/strong> und der <strong>Grundschule Quierschied-Fischbach-G\u00f6ttelborn<\/strong> verantwortlich ist das Saarland, vertreten durch die<\/p>\n\n\n\n<p>Ministerin f\u00fcr Bildung und Kultur,<\/p>\n\n\n\n<p>Ministerium f\u00fcr Bildung und Kultur<strong><br><\/strong>Trierer Str. 33<br>66111 Saarbr\u00fccken<br>Tel.: 0681 501-00<\/p>\n\n\n\n<p>Kontaktaufnahme: <a href=\"https:\/\/www.saarland.de\/mbk\/DE\/service\/kontakt\/kontaktformular\">https:\/\/www.saarland.de\/mbk\/DE\/service\/kontakt\/kontaktformular<\/a><\/p>\n\n\n\n<p><a href=\"http:\/\/www.saarland.de\/mbk\/DE\/home\">www.saarland.de\/mbk\/DE\/home<\/a><\/p>\n\n\n\n<p>Bei direkten Fragen, Beschwerden, Hinweisen und Anregungen zu den Inhalten der <strong><u>Grundschule Lasbach Quierschied<\/u><\/strong><strong> <\/strong>k\u00f6nnen Sie sich an die Schulleitung:<\/p>\n\n\n\n<p>Frau Vera Friedling<br>Lasbachstra\u00dfe 21<br>66287 Quierschied<br>Tel.: 06897\/63006<br>Email: <a href=\"mailto:gs-lasbach@schule.saarland\">gs-lasbach@schule.saarland<\/a><\/p>\n\n\n\n<p>bei Fragen, Beschwerden, Hinweisen und Anregungen zu Inhalten der <strong><u>Grundschule Quierschied-Fischbach-G\u00f6ttelborn<\/u><\/strong><strong> <\/strong><strong>an die Schulleitung: <\/strong><strong><\/strong><\/p>\n\n\n\n<p>Standort Fischbach: <\/p>\n\n\n\n<p><strong>Frau Martina Wilkin-Hoffmann<br><\/strong>Heusweilerstr. 45<br>66287 Quierschied<br>Tel.: 06897 64011<br>Email: <a href=\"mailto:gs-fischbach-goettelborn@schule.saarland\">gs-fischbach-goettelborn@schule.saarland<\/a><\/p>\n\n\n\n<p>Standort G\u00f6ttelborn:<\/p>\n\n\n\n<p><strong>Frau Martina Wilkin-Hoffmann<br><\/strong>Hauptstr. 189<br>66287 Quierschied<br>Tel.: 06825 5680<br>Email: <a href=\"mailto:gs-fischbach-goettelborn@schule.saarland\">gs-fischbach-goettelborn@schule.saarland<\/a><\/p>\n\n\n\n<p>wenden.<\/p>\n\n\n\n<p>F\u00fcr redaktionelle Inhalte der Kindertagesst\u00e4tten \u201eVilla Regenbogen\u201c, \u201ePusteblume\u201c und \u201eSonnenschein\u201c sowie der Gro\u00dftagespflegestelle \u201eKr\u00fcmelkiste\u201c verantwortlich ist der Diensteanbieter.<\/p>\n\n\n\n<p>Diensteanbieter dieses Internetangebots ist die Gemeinde Quierschied, vertreten durch<\/p>\n\n\n\n<p>B\u00fcrgermeister Lutz Maurer<br>Rathausplatz 1<br>66287 Quierschied<\/p>\n\n\n\n<p>Tel: 06897 961-0<br>Fax: 06897 961-110<br><a href=\"mailto:mail@quierschied.de\">mail@quierschied.de<\/a><br><a href=\"http:\/\/www.quierschied.de\/\" target=\"_blank\" rel=\"noreferrer noopener\">www.quierschied.de<\/a><\/p>\n\n\n\n<p>Bei direkten Fragen, Beschwerden, Hinweisen und Anregungen zu den Inhalten der der Kindertagesst\u00e4tten \u201eVilla Regenbogen\u201c, \u201ePusteblume\u201c und \u201eSonnenschein\u201c sowie der Gro\u00dftagespflegestelle \u201eKr\u00fcmelkiste\u201c k\u00f6nnen Sie sich an die p\u00e4dagogische Gesamtleitung der Gemeinde Quierschied wenden:<\/p>\n\n\n\n<p><strong>Frau Nicole Christmann<br><\/strong>Rathausplatz 1<br>66287 Quierschied<br>Tel.: 06897 961-118<br>Email: <a href=\"mailto:n.christmann@quierschied.de\">n.christmann@quierschied.de<\/a> <\/p>\n\n\n\n<p><\/p>\n\n\n\n<p>Die Dokumente und Dateien auf dieser Website der Gemeinde Quierschied werden zur freien Nutzung f\u00fcr nichtkommerzielle Zwecke bereitgestellt. Eine kommerzielle Verbreitung bedarf der vorherigen schriftlichen Genehmigung. Die Verwendung des Namens oder des Wappens der Gemeinde Quierschied bedarf in jedem Fall der vorherigen schriftlichen Genehmigung.<\/p>\n\n\n\n<p>Fotos und Videos unter <a href=\"http:\/\/www.kinder-quierschied.de\">www.kinder-quierschied.de<\/a>, sofern diese nicht explizit mit einem anderen Besitzer der Urheberrechte gekennzeichnet sind, wurden von Mitarbeitenden der Gemeinde Quierschied erstellt. Auch die Verwendung der Fotos und Videos bedarf in jedem Fall der vorherigen schriftlichen Genehmigung.<\/p>\n\n\n\n<p>F\u00fcr die Richtigkeit der auf dieser Website abgelegten Informationen, die teilweise von gemeindefremden Autoren erstellt wurden, kann keine Gew\u00e4hr \u00fcbernommen werden. In keinem Fall wird f\u00fcr Sch\u00e4den gehaftet, die sich aus der Verwendung der abgerufenen Informationen ergeben.<\/p>\n\n\n\n<p>F\u00fcr die Inhalte einrichtungs- und gemeindefremder Internetseiten, die durch Links von dieser Website aus erreicht werden k\u00f6nnen, \u00fcbernimmt der Dienstanbieter keine Verantwortung.<\/p>\n\n\n\n<p><\/p>\n","protected":false},"excerpt":{"rendered":"<p>F\u00fcr redaktionelle Inhalte der Grundschule Lasbach Quierschied und der Grundschule Quierschied-Fischbach-G\u00f6ttelborn verantwortlich ist das Saarland, vertreten durch die Ministerin f\u00fcr Bildung und Kultur, Ministerium f\u00fcr Bildung und KulturTrierer Str. 3366111 Saarbr\u00fcckenTel.: 0681 501-00 Kontaktaufnahme: https:\/\/www.saarland.de\/mbk\/DE\/service\/kontakt\/kontaktformular www.saarland.de\/mbk\/DE\/home Bei direkten Fragen, Beschwerden, Hinweisen und Anregungen zu den Inhalten der Grundschule Lasbach Quierschied k\u00f6nnen Sie sich an die [&hellip;]<\/p>\n","protected":false},"author":1,"featured_media":0,"parent":0,"menu_order":0,"comment_status":"closed","ping_status":"closed","template":"","meta":{"footnotes":""},"class_list":["post-78","page","type-page","status-publish","hentry"],"_links":{"self":[{"href":"https:\/\/kinder-quierschied.de\/index.php?rest_route=\/wp\/v2\/pages\/78","targetHints":{"allow":["GET"]}}],"collection":[{"href":"https:\/\/kinder-quierschied.de\/index.php?rest_route=\/wp\/v2\/pages"}],"about":[{"href":"https:\/\/kinder-quierschied.de\/index.php?rest_route=\/wp\/v2\/types\/page"}],"author":[{"embeddable":true,"href":"https:\/\/kinder-quierschied.de\/index.php?rest_route=\/wp\/v2\/users\/1"}],"replies":[{"embeddable":true,"href":"https:\/\/kinder-quierschied.de\/index.php?rest_route=%2Fwp%2Fv2%2Fcomments&post=78"}],"version-history":[{"count":0,"href":"https:\/\/kinder-quierschied.de\/index.php?rest_route=\/wp\/v2\/pages\/78\/revisions"}],"wp:attachment":[{"href":"https:\/\/kinder-quierschied.de\/index.php?rest_route=%2Fwp%2Fv2%2Fmedia&parent=78"}],"curies":[{"name":"wp","href":"https:\/\/api.w.org\/{rel}","templated":true}]}}