{"id":638,"date":"2024-04-23T14:39:55","date_gmt":"2024-04-23T12:39:55","guid":{"rendered":"https:\/\/kinder-quierschied.de\/?page_id=638"},"modified":"2025-10-10T07:27:26","modified_gmt":"2025-10-10T05:27:26","slug":"ueber-uns","status":"publish","type":"page","link":"https:\/\/kinder-quierschied.de\/?page_id=638","title":{"rendered":"\u00dcber uns"},"content":{"rendered":"\n<p class=\"has-large-font-size\">Unser Team im Schuljahr 2025\/2026<\/p>\n\n\n\n<p class=\"has-text-align-left\"><strong>Klassen:<\/strong><\/p>\n\n\n\n<p>Klasse 1.1 Frau Jakob<br>Klasse 1.2 Frau Eichhorn<\/p>\n\n\n\n<p><br>Klasse 2.1 Frau Bauer<br>Klasse 2.2 Frau Heil<\/p>\n\n\n\n<p><br>Klasse 3.1 Frau Rettig<br>Klasse 3.2 Frau Caspers<\/p>\n\n\n\n<p><br>Klasse 4.1 Frau Heidmann<br>Klasse 4.2 Frau H\u00fcpchen<\/p>\n\n\n\n<p class=\"has-text-align-left\"><strong>Fachlehrkr\u00e4fte:<\/strong><\/p>\n\n\n\n<p>Frau Wilkin-Hoffmann (Schulleiterin)<br>Herr Danner (Fachlehrer Sport)<br>Frau Metz (Fachlehrerin Franz\u00f6sisch)<br>Frau Germer-Sens (F\u00f6rderschullehrerin)<\/p>\n\n\n\n<p class=\"has-text-align-left\"><strong>Sonstige Mitarbeiter:innen:<\/strong><\/p>\n\n\n\n<p>Werner Jung (Hausmeister)<br>Katja Oettlin (Sekret\u00e4rin)<\/p>\n\n\n\n<p><\/p>\n\n\n\n<p class=\"has-large-font-size\">Schulordnung<\/p>\n\n\n\n<div class=\"wp-block-file\"><a id=\"wp-block-file--media-63ed7a74-d0b0-4af3-962d-3cdb8775da29\" href=\"https:\/\/kinder-quierschied.de\/wp-content\/uploads\/2025\/08\/Schulordnung_Grundschule_Fischbach.pdf\">Schulordnung_Grundschule_Fischbach<\/a><a href=\"https:\/\/kinder-quierschied.de\/wp-content\/uploads\/2025\/08\/Schulordnung_Grundschule_Fischbach.pdf\" class=\"wp-block-file__button wp-element-button\" download aria-describedby=\"wp-block-file--media-63ed7a74-d0b0-4af3-962d-3cdb8775da29\">Herunterladen<\/a><\/div>\n","protected":false},"excerpt":{"rendered":"<p>Unser Team im Schuljahr 2025\/2026 Klassen: Klasse 1.1 Frau JakobKlasse 1.2 Frau Eichhorn Klasse 2.1 Frau BauerKlasse 2.2 Frau Heil Klasse 3.1 Frau RettigKlasse 3.2 Frau Caspers Klasse 4.1 Frau HeidmannKlasse 4.2 Frau H\u00fcpchen Fachlehrkr\u00e4fte: Frau Wilkin-Hoffmann (Schulleiterin)Herr Danner (Fachlehrer Sport)Frau Metz (Fachlehrerin Franz\u00f6sisch)Frau Germer-Sens (F\u00f6rderschullehrerin) Sonstige Mitarbeiter:innen: Werner Jung (Hausmeister)Katja Oettlin (Sekret\u00e4rin) Schulordnung<\/p>\n","protected":false},"author":1,"featured_media":0,"parent":57,"menu_order":1,"comment_status":"closed","ping_status":"closed","template":"","meta":{"footnotes":""},"class_list":["post-638","page","type-page","status-publish","hentry"],"_links":{"self":[{"href":"https:\/\/kinder-quierschied.de\/index.php?rest_route=\/wp\/v2\/pages\/638","targetHints":{"allow":["GET"]}}],"collection":[{"href":"https:\/\/kinder-quierschied.de\/index.php?rest_route=\/wp\/v2\/pages"}],"about":[{"href":"https:\/\/kinder-quierschied.de\/index.php?rest_route=\/wp\/v2\/types\/page"}],"author":[{"embeddable":true,"href":"https:\/\/kinder-quierschied.de\/index.php?rest_route=\/wp\/v2\/users\/1"}],"replies":[{"embeddable":true,"href":"https:\/\/kinder-quierschied.de\/index.php?rest_route=%2Fwp%2Fv2%2Fcomments&post=638"}],"version-history":[{"count":1,"href":"https:\/\/kinder-quierschied.de\/index.php?rest_route=\/wp\/v2\/pages\/638\/revisions"}],"predecessor-version":[{"id":2322,"href":"https:\/\/kinder-quierschied.de\/index.php?rest_route=\/wp\/v2\/pages\/638\/revisions\/2322"}],"up":[{"embeddable":true,"href":"https:\/\/kinder-quierschied.de\/index.php?rest_route=\/wp\/v2\/pages\/57"}],"wp:attachment":[{"href":"https:\/\/kinder-quierschied.de\/index.php?rest_route=%2Fwp%2Fv2%2Fmedia&parent=638"}],"curies":[{"name":"wp","href":"https:\/\/api.w.org\/{rel}","templated":true}]}}