{"id":61,"date":"2023-09-19T11:13:46","date_gmt":"2023-09-19T11:13:46","guid":{"rendered":"http:\/\/lasbachschule.de\/?page_id=61"},"modified":"2023-10-10T09:48:31","modified_gmt":"2023-10-10T09:48:31","slug":"kruemelkiste","status":"publish","type":"page","link":"https:\/\/kinder-quierschied.de\/?page_id=61","title":{"rendered":"Kr\u00fcmelkiste"},"content":{"rendered":"\n<p>Gro\u00dftagespflegestelle<\/p>\n\n\n\n<p>Fischbacher Stra\u00dfe 104, 66287 Quierschied<\/p>\n\n\n\n<p><strong>P\u00e4dagogische Leitung Bianca P\u00fctz<\/strong><br>Tel.: 06897 7774400<br>Email: <a href=\"mailto:gtps-kruemelkiste@quierschied.de\">gtps-kruemelkiste@quierschied.de<\/a><\/p>\n\n\n\n<p>\u00d6ffnungszeiten: Mo. &#8211; Fr. 7.30 \u2013 14.30 Uhr<\/p>\n\n\n\n<p><\/p>\n","protected":false},"excerpt":{"rendered":"<p>Gro\u00dftagespflegestelle Fischbacher Stra\u00dfe 104, 66287 Quierschied P\u00e4dagogische Leitung Bianca P\u00fctzTel.: 06897 7774400Email: gtps-kruemelkiste@quierschied.de \u00d6ffnungszeiten: Mo. &#8211; Fr. 7.30 \u2013 14.30 Uhr<\/p>\n","protected":false},"author":1,"featured_media":0,"parent":0,"menu_order":0,"comment_status":"closed","ping_status":"closed","template":"","meta":{"footnotes":""},"class_list":["post-61","page","type-page","status-publish","hentry"],"_links":{"self":[{"href":"https:\/\/kinder-quierschied.de\/index.php?rest_route=\/wp\/v2\/pages\/61","targetHints":{"allow":["GET"]}}],"collection":[{"href":"https:\/\/kinder-quierschied.de\/index.php?rest_route=\/wp\/v2\/pages"}],"about":[{"href":"https:\/\/kinder-quierschied.de\/index.php?rest_route=\/wp\/v2\/types\/page"}],"author":[{"embeddable":true,"href":"https:\/\/kinder-quierschied.de\/index.php?rest_route=\/wp\/v2\/users\/1"}],"replies":[{"embeddable":true,"href":"https:\/\/kinder-quierschied.de\/index.php?rest_route=%2Fwp%2Fv2%2Fcomments&post=61"}],"version-history":[{"count":0,"href":"https:\/\/kinder-quierschied.de\/index.php?rest_route=\/wp\/v2\/pages\/61\/revisions"}],"wp:attachment":[{"href":"https:\/\/kinder-quierschied.de\/index.php?rest_route=%2Fwp%2Fv2%2Fmedia&parent=61"}],"curies":[{"name":"wp","href":"https:\/\/api.w.org\/{rel}","templated":true}]}}