{"id":566,"date":"2024-04-23T13:17:38","date_gmt":"2024-04-23T11:17:38","guid":{"rendered":"https:\/\/kinder-quierschied.de\/?page_id=566"},"modified":"2026-04-15T14:05:58","modified_gmt":"2026-04-15T12:05:58","slug":"kooperationen","status":"publish","type":"page","link":"https:\/\/kinder-quierschied.de\/?page_id=566","title":{"rendered":"Kooperationen"},"content":{"rendered":"\n<blockquote class=\"wp-block-quote is-layout-flow wp-block-quote-is-layout-flow\">\n<h5 class=\"wp-block-heading has-text-align-center\"><mark style=\"background-color:rgba(0, 0, 0, 0)\" class=\"has-inline-color has-vivid-purple-color\">Wir sind Quierschied &#8211; Gemeinsam f\u00fcr unsere Kinder<\/mark><\/h5>\n<\/blockquote>\n\n\n\n<blockquote class=\"wp-block-quote is-layout-flow wp-block-quote-is-layout-flow\">\n<h5 class=\"wp-block-heading has-text-align-center\"><mark style=\"background-color:rgba(0, 0, 0, 0)\" class=\"has-inline-color has-luminous-vivid-orange-color\">&#8222;Vereine stellen sich vor &#8211; Wir \u00f6ffnen die Kita f\u00fcr das Leben im Ort.&#8220;<\/mark><\/h5>\n<\/blockquote>\n\n\n\n<div style=\"height:15px\" aria-hidden=\"true\" class=\"wp-block-spacer\"><\/div>\n\n\n\n<div class=\"wp-block-group\" style=\"border-top-left-radius:0px;border-top-right-radius:0px;border-bottom-left-radius:0px;border-bottom-right-radius:0px;margin-top:0;margin-bottom:0;padding-top:0;padding-bottom:0\"><div class=\"wp-block-group__inner-container is-layout-constrained wp-container-core-group-is-layout-fdabefd0 wp-block-group-is-layout-constrained\">\n<p class=\"has-black-color has-white-background-color has-text-color has-background has-link-color wp-elements-7f05525f7a162758f4e7755a0fd216d0\" style=\"font-size:16px\">Die Kita Villa Regenbogen m\u00f6chte den Kindern die M\u00f6glichkeit geben, das Leben im Ort kennenzulernen.<\/p>\n\n\n\n<p class=\"has-black-color has-white-background-color has-text-color has-background has-link-color wp-elements-b0f86bb9a0e86896cd35b2fcbb169ea4\" style=\"font-size:16px\">Nach dem tollen Erfolg unseres Kinderfestes und den ersten Kooperationen mit den Quierschieder Vereinen, werden wir die Zusammenarbeit fortsetzen und mit verschiedenen \u00f6rtlichen Vereinen zusammenarbeiten.<\/p>\n\n\n\n<p class=\"has-black-color has-white-background-color has-text-color has-background has-link-color wp-elements-d3cad841891e371b13d4b66c5f06de7b\" style=\"font-size:16px\">Viele Menschen engagieren sich mit Leidenschaft in den unterschiedlichsten Bereichen &#8211; sei es im Sport, in der Musik, bei der Feuerwehr oder in sozialen Projekten. Diese Vielfalt m\u00f6chten wie den Kindern n\u00e4herbringen und sie auf spielerische Weise f\u00fcr neue Themen und Gemeinschaftserlebnisse begeistern.<\/p>\n\n\n\n<p class=\"has-black-color has-white-background-color has-text-color has-background has-link-color wp-elements-6fb3398ace5fd9bd59ecd740bb482ae1\" style=\"font-size:16px\">Ziel ist es , den Kindern Einblicke in das Leben und das Miteinander im Ort zu geben und ihnen zu zeigen, wie wertvoll Gemeinschaft und Engagement sind.<\/p>\n\n\n\n<p class=\"has-black-color has-white-background-color has-text-color has-background has-link-color wp-elements-88dfd3f09bbf81e42e1eb0a898153107\" style=\"font-size:16px\">Hier sind spannende Momente, (neue) Begegnungen und gemeinsame Erlebnisse mit den Vereinen und unseres Ortes, zu finden.<\/p>\n<\/div><\/div>\n\n\n\n<h2 class=\"wp-block-heading\">Obst- und Gartenbauverein<\/h2>\n\n\n\n<div data-wp-interactive=\"core\/file\" class=\"wp-block-file\"><object data-wp-bind--hidden=\"!state.hasPdfPreview\" hidden class=\"wp-block-file__embed\" data=\"https:\/\/kinder-quierschied.de\/wp-content\/uploads\/2026\/01\/Aushang-Obst-und-Gartenbauverein.pdf\" type=\"application\/pdf\" style=\"width:100%;height:600px\" aria-label=\"Einbettung von Aushang Obst- und Gartenbauverein.\"><\/object><a id=\"wp-block-file--media-ebf0d205-cd12-458f-97d3-6113b55a2161\" href=\"https:\/\/kinder-quierschied.de\/wp-content\/uploads\/2026\/01\/Aushang-Obst-und-Gartenbauverein.pdf\">Aushang Obst- und Gartenbauverein<\/a><a href=\"https:\/\/kinder-quierschied.de\/wp-content\/uploads\/2026\/01\/Aushang-Obst-und-Gartenbauverein.pdf\" class=\"wp-block-file__button wp-element-button\" download aria-describedby=\"wp-block-file--media-ebf0d205-cd12-458f-97d3-6113b55a2161\">Herunterladen<\/a><\/div>\n\n\n\n<h2 class=\"wp-block-heading\">Kittelclub<\/h2>\n\n\n\n<div data-wp-interactive=\"core\/file\" class=\"wp-block-file\"><object data-wp-bind--hidden=\"!state.hasPdfPreview\" hidden class=\"wp-block-file__embed\" data=\"https:\/\/kinder-quierschied.de\/wp-content\/uploads\/2026\/01\/Aushang-Kittelclub.docx.pdf\" type=\"application\/pdf\" style=\"width:100%;height:600px\" aria-label=\"Einbettung von Aushang Kittelclub.docx.\"><\/object><a id=\"wp-block-file--media-63320483-2715-486f-a8b3-7dd26de34100\" href=\"https:\/\/kinder-quierschied.de\/wp-content\/uploads\/2026\/01\/Aushang-Kittelclub.docx.pdf\">Aushang Kittelclub.docx<\/a><a href=\"https:\/\/kinder-quierschied.de\/wp-content\/uploads\/2026\/01\/Aushang-Kittelclub.docx.pdf\" class=\"wp-block-file__button wp-element-button\" download aria-describedby=\"wp-block-file--media-63320483-2715-486f-a8b3-7dd26de34100\">Herunterladen<\/a><\/div>\n\n\n\n<h2 class=\"wp-block-heading\">Turnverein Quierschied<\/h2>\n\n\n\n<div data-wp-interactive=\"core\/file\" class=\"wp-block-file\"><object data-wp-bind--hidden=\"!state.hasPdfPreview\" hidden class=\"wp-block-file__embed\" data=\"https:\/\/kinder-quierschied.de\/wp-content\/uploads\/2026\/01\/Minisportabzeichen-Aushang.pdf\" type=\"application\/pdf\" style=\"width:100%;height:600px\" aria-label=\"Einbettung von Minisportabzeichen Aushang.\"><\/object><a id=\"wp-block-file--media-fc3deef5-4926-4c73-990c-9b3871f93489\" href=\"https:\/\/kinder-quierschied.de\/wp-content\/uploads\/2026\/01\/Minisportabzeichen-Aushang.pdf\">Minisportabzeichen Aushang<\/a><a href=\"https:\/\/kinder-quierschied.de\/wp-content\/uploads\/2026\/01\/Minisportabzeichen-Aushang.pdf\" class=\"wp-block-file__button wp-element-button\" download aria-describedby=\"wp-block-file--media-fc3deef5-4926-4c73-990c-9b3871f93489\">Herunterladen<\/a><\/div>\n\n\n\n<h2 class=\"wp-block-heading\">Karnevalsverein &#8222;Die Quierschder Wambe&#8220;<\/h2>\n\n\n\n<div data-wp-interactive=\"core\/file\" class=\"wp-block-file\"><object data-wp-bind--hidden=\"!state.hasPdfPreview\" hidden class=\"wp-block-file__embed\" data=\"https:\/\/kinder-quierschied.de\/wp-content\/uploads\/2026\/01\/Info-Wambe.pdf\" type=\"application\/pdf\" style=\"width:100%;height:600px\" aria-label=\"Einbettung von Info Wambe.\"><\/object><a id=\"wp-block-file--media-4d5a6cce-13ad-4e9c-8fc8-82bd2b27958e\" href=\"https:\/\/kinder-quierschied.de\/wp-content\/uploads\/2026\/01\/Info-Wambe.pdf\">Info Wambe<\/a><a href=\"https:\/\/kinder-quierschied.de\/wp-content\/uploads\/2026\/01\/Info-Wambe.pdf\" class=\"wp-block-file__button wp-element-button\" download aria-describedby=\"wp-block-file--media-4d5a6cce-13ad-4e9c-8fc8-82bd2b27958e\">Herunterladen<\/a><\/div>\n\n\n\n<h2 class=\"wp-block-heading\">Malteser <\/h2>\n\n\n\n<div data-wp-interactive=\"core\/file\" class=\"wp-block-file\"><object data-wp-bind--hidden=\"!state.hasPdfPreview\" hidden class=\"wp-block-file__embed\" data=\"https:\/\/kinder-quierschied.de\/wp-content\/uploads\/2026\/02\/Malteser-Infobrief.pdf\" type=\"application\/pdf\" style=\"width:100%;height:600px\" aria-label=\"Einbettung von Malteser Infobrief.\"><\/object><a id=\"wp-block-file--media-be6bfeea-174c-454a-ba67-073e98ef8ad1\" href=\"https:\/\/kinder-quierschied.de\/wp-content\/uploads\/2026\/02\/Malteser-Infobrief.pdf\">Malteser Infobrief<\/a><a href=\"https:\/\/kinder-quierschied.de\/wp-content\/uploads\/2026\/02\/Malteser-Infobrief.pdf\" class=\"wp-block-file__button wp-element-button\" download aria-describedby=\"wp-block-file--media-be6bfeea-174c-454a-ba67-073e98ef8ad1\">Herunterladen<\/a><\/div>\n\n\n\n<h2 class=\"wp-block-heading\">ASC Quierschied Handball<\/h2>\n\n\n\n<div data-wp-interactive=\"core\/file\" class=\"wp-block-file\"><object data-wp-bind--hidden=\"!state.hasPdfPreview\" hidden class=\"wp-block-file__embed\" data=\"https:\/\/kinder-quierschied.de\/wp-content\/uploads\/2026\/04\/Elterninfo.pdf\" type=\"application\/pdf\" style=\"width:100%;height:600px\" aria-label=\"Einbettung von Elterninfo.\"><\/object><a id=\"wp-block-file--media-8dc62eda-3387-4bc3-a0f2-9d1cb604cc0b\" href=\"https:\/\/kinder-quierschied.de\/wp-content\/uploads\/2026\/04\/Elterninfo.pdf\">Elterninfo<\/a><a href=\"https:\/\/kinder-quierschied.de\/wp-content\/uploads\/2026\/04\/Elterninfo.pdf\" class=\"wp-block-file__button wp-element-button\" download aria-describedby=\"wp-block-file--media-8dc62eda-3387-4bc3-a0f2-9d1cb604cc0b\">Herunterladen<\/a><\/div>\n\n\n\n<h2 class=\"wp-block-heading\">Freiwillige Feuerwehr Quierschied<\/h2>\n\n\n\n<div data-wp-interactive=\"core\/file\" class=\"wp-block-file\"><object data-wp-bind--hidden=\"!state.hasPdfPreview\" hidden class=\"wp-block-file__embed\" data=\"https:\/\/kinder-quierschied.de\/wp-content\/uploads\/2026\/04\/Info-Feuerwehr.pdf\" type=\"application\/pdf\" style=\"width:100%;height:600px\" aria-label=\"Einbettung von Info Feuerwehr.\"><\/object><a id=\"wp-block-file--media-93e6610b-2e32-4cf9-8052-d1baa61221da\" href=\"https:\/\/kinder-quierschied.de\/wp-content\/uploads\/2026\/04\/Info-Feuerwehr.pdf\">Info Feuerwehr<\/a><a href=\"https:\/\/kinder-quierschied.de\/wp-content\/uploads\/2026\/04\/Info-Feuerwehr.pdf\" class=\"wp-block-file__button wp-element-button\" download aria-describedby=\"wp-block-file--media-93e6610b-2e32-4cf9-8052-d1baa61221da\">Herunterladen<\/a><\/div>\n\n\n\n<h2 class=\"wp-block-heading\">Laienb\u00fchne Quierschied<\/h2>\n\n\n\n<div data-wp-interactive=\"core\/file\" class=\"wp-block-file\"><object data-wp-bind--hidden=\"!state.hasPdfPreview\" hidden class=\"wp-block-file__embed\" data=\"https:\/\/kinder-quierschied.de\/wp-content\/uploads\/2026\/04\/Laienbuehne.pdf\" type=\"application\/pdf\" style=\"width:100%;height:600px\" aria-label=\"Einbettung von Laienb\u00fchne.\"><\/object><a id=\"wp-block-file--media-994b8fa3-7221-4104-b66b-f0918eeb3aa6\" href=\"https:\/\/kinder-quierschied.de\/wp-content\/uploads\/2026\/04\/Laienbuehne.pdf\">Laienb\u00fchne<\/a><a href=\"https:\/\/kinder-quierschied.de\/wp-content\/uploads\/2026\/04\/Laienbuehne.pdf\" class=\"wp-block-file__button wp-element-button\" download aria-describedby=\"wp-block-file--media-994b8fa3-7221-4104-b66b-f0918eeb3aa6\">Herunterladen<\/a><\/div>\n","protected":false},"excerpt":{"rendered":"<p>Wir sind Quierschied &#8211; Gemeinsam f\u00fcr unsere Kinder &#8222;Vereine stellen sich vor &#8211; Wir \u00f6ffnen die Kita f\u00fcr das Leben im Ort.&#8220; Die Kita Villa Regenbogen m\u00f6chte den Kindern die M\u00f6glichkeit geben, das Leben im Ort kennenzulernen. Nach dem tollen Erfolg unseres Kinderfestes und den ersten Kooperationen mit den Quierschieder Vereinen, werden wir die Zusammenarbeit [&hellip;]<\/p>\n","protected":false},"author":1,"featured_media":0,"parent":47,"menu_order":0,"comment_status":"closed","ping_status":"closed","template":"","meta":{"footnotes":""},"class_list":["post-566","page","type-page","status-publish","hentry"],"_links":{"self":[{"href":"https:\/\/kinder-quierschied.de\/index.php?rest_route=\/wp\/v2\/pages\/566","targetHints":{"allow":["GET"]}}],"collection":[{"href":"https:\/\/kinder-quierschied.de\/index.php?rest_route=\/wp\/v2\/pages"}],"about":[{"href":"https:\/\/kinder-quierschied.de\/index.php?rest_route=\/wp\/v2\/types\/page"}],"author":[{"embeddable":true,"href":"https:\/\/kinder-quierschied.de\/index.php?rest_route=\/wp\/v2\/users\/1"}],"replies":[{"embeddable":true,"href":"https:\/\/kinder-quierschied.de\/index.php?rest_route=%2Fwp%2Fv2%2Fcomments&post=566"}],"version-history":[{"count":18,"href":"https:\/\/kinder-quierschied.de\/index.php?rest_route=\/wp\/v2\/pages\/566\/revisions"}],"predecessor-version":[{"id":2972,"href":"https:\/\/kinder-quierschied.de\/index.php?rest_route=\/wp\/v2\/pages\/566\/revisions\/2972"}],"up":[{"embeddable":true,"href":"https:\/\/kinder-quierschied.de\/index.php?rest_route=\/wp\/v2\/pages\/47"}],"wp:attachment":[{"href":"https:\/\/kinder-quierschied.de\/index.php?rest_route=%2Fwp%2Fv2%2Fmedia&parent=566"}],"curies":[{"name":"wp","href":"https:\/\/api.w.org\/{rel}","templated":true}]}}