{"id":564,"date":"2024-04-23T13:17:21","date_gmt":"2024-04-23T11:17:21","guid":{"rendered":"https:\/\/kinder-quierschied.de\/?page_id=564"},"modified":"2026-04-15T10:10:14","modified_gmt":"2026-04-15T08:10:14","slug":"foerderverein","status":"publish","type":"page","link":"https:\/\/kinder-quierschied.de\/?page_id=564","title":{"rendered":"F\u00f6rderverein"},"content":{"rendered":"\n<div class=\"wp-block-group alignfull has-background\" style=\"background-color:#f2f0e9\"><div class=\"wp-block-group__inner-container is-layout-flow wp-block-group-is-layout-flow\">\n<div style=\"height:70px\" aria-hidden=\"true\" class=\"wp-block-spacer\"><\/div>\n\n\n\n<div class=\"wp-block-columns alignwide are-vertically-aligned-center is-layout-flex wp-container-core-columns-is-layout-28f84493 wp-block-columns-is-layout-flex\">\n<div class=\"wp-block-column is-layout-flow wp-block-column-is-layout-flow\" style=\"flex-basis:50%\">\n<p class=\"has-text-color\" style=\"color:#000000;font-size:30px;line-height:1.1\">F\u00f6rderverein<\/p>\n<\/div>\n<\/div>\n\n\n\n<div class=\"wp-block-columns alignwide is-layout-flex wp-container-core-columns-is-layout-28f84493 wp-block-columns-is-layout-flex\">\n<div class=\"wp-block-column is-layout-flow wp-block-column-is-layout-flow\">\n<p class=\"has-text-color has-extra-small-font-size\" style=\"color:#000000\">Der F\u00f6rderverein ist ein gemeinn\u00fctziger Verein, der sich f\u00fcr die Belange und Interessen der Einrichtung einsetzt und diese finanziell und ideell unterst\u00fctzt.<\/p>\n\n\n\n<p class=\"has-text-color has-extra-small-font-size\" style=\"color:#000000\">Dabei geht es vor allem um Dinge, welche \u00fcber die vom Tr\u00e4ger finanzierte Grundausstattung hinausgehen, wie z.B. zus\u00e4tzliche Spielger\u00e4te, die Gartengestaltung, Ausfl\u00fcge, Feste und sonstige Aktionen. <\/p>\n\n\n\n<p class=\"has-text-color has-extra-small-font-size\" style=\"color:#000000\">Es werden engagierte Eltern ben\u00f6tigt, die bei diversen Projekten und Veranstaltungen mithelfen, getreu dem Motto:<\/p>\n\n\n\n<p class=\"has-text-color has-extra-small-font-size\" style=\"color:#000000\"><strong><mark style=\"background-color:rgba(0, 0, 0, 0)\" class=\"has-inline-color has-black-color\">\u201e<\/mark><mark style=\"background-color:rgba(0, 0, 0, 0)\" class=\"has-inline-color has-vivid-green-cyan-color\">Gemeinsam<\/mark><mark style=\"background-color:rgba(0, 0, 0, 0);color:#1b6e9e\" class=\"has-inline-color\"> <\/mark><mark style=\"background-color:rgba(0, 0, 0, 0);color:#dcab25\" class=\"has-inline-color\">f\u00fcr<\/mark><mark style=\"background-color:rgba(0, 0, 0, 0);color:#1b6e9e\" class=\"has-inline-color\"> <\/mark><mark style=\"background-color:rgba(0, 0, 0, 0)\" class=\"has-inline-color has-vivid-red-color\">unsere<\/mark><mark style=\"background-color:rgba(0, 0, 0, 0);color:#1b6e9e\" class=\"has-inline-color\"> Kinder<\/mark><mark style=\"background-color:rgba(0, 0, 0, 0)\" class=\"has-inline-color has-black-color\">\u201c<\/mark><\/strong><\/p>\n<\/div>\n\n\n\n<div class=\"wp-block-column is-layout-flow wp-block-column-is-layout-flow\">\n<p class=\"has-text-color has-extra-small-font-size\" style=\"color:#000000\">N\u00e4here Informationen finden Sie auf der Homepage des F\u00f6rdereins:<\/p>\n\n\n\n<div style=\"height:14px\" aria-hidden=\"true\" class=\"wp-block-spacer\"><\/div>\n\n\n\n<div class=\"wp-block-buttons alignwide is-content-justification-center is-layout-flex wp-container-core-buttons-is-layout-b5994976 wp-block-buttons-is-layout-flex\">\n<div class=\"wp-block-button is-style-fill\"><a class=\"wp-block-button__link wp-element-button\" href=\"https:\/\/sites.google.com\/view\/fv-villa-regenbogen\/startseite\"><strong>foeve-villaregenbogen.de<\/strong><\/a><\/div>\n<\/div>\n\n\n\n<div style=\"height:24px\" aria-hidden=\"true\" class=\"wp-block-spacer\"><\/div>\n\n\n\n<ul class=\"wp-block-list\">\n<li><mark style=\"background-color:rgba(0, 0, 0, 0)\" class=\"has-inline-color has-black-color\">1. Vorsitzender: Thorsten Carbon<\/mark><\/li>\n\n\n\n<li><mark style=\"background-color:rgba(0, 0, 0, 0)\" class=\"has-inline-color has-black-color\">2. Vorsitzende: Anne B\u00fcchy- Meyer<\/mark><\/li>\n\n\n\n<li><mark style=\"background-color:rgba(0, 0, 0, 0)\" class=\"has-inline-color has-black-color\">Schriftf\u00fchrerin: Katharina Hinsberger<\/mark><\/li>\n\n\n\n<li><mark style=\"background-color:rgba(0, 0, 0, 0)\" class=\"has-inline-color has-black-color\">Kassenwart: Andreas Luckenbill<\/mark><\/li>\n\n\n\n<li><mark style=\"background-color:rgba(0, 0, 0, 0)\" class=\"has-inline-color has-black-color\">Beisitzer: Erik Daniel<\/mark><\/li>\n\n\n\n<li><mark style=\"background-color:rgba(0, 0, 0, 0)\" class=\"has-inline-color has-black-color\">Beisitzerin: Sonja Freidinger<\/mark><\/li>\n\n\n\n<li><mark style=\"background-color:rgba(0, 0, 0, 0)\" class=\"has-inline-color has-black-color\">Beisitzerin: Carmelina Furnari<\/mark><\/li>\n<\/ul>\n<\/div>\n<\/div>\n\n\n\n<div style=\"height:40px\" aria-hidden=\"true\" class=\"wp-block-spacer\"><\/div>\n<\/div><\/div>\n\n\n\n<p><\/p>\n","protected":false},"excerpt":{"rendered":"<p>F\u00f6rderverein Der F\u00f6rderverein ist ein gemeinn\u00fctziger Verein, der sich f\u00fcr die Belange und Interessen der Einrichtung einsetzt und diese finanziell und ideell unterst\u00fctzt. Dabei geht es vor allem um Dinge, welche \u00fcber die vom Tr\u00e4ger finanzierte Grundausstattung hinausgehen, wie z.B. zus\u00e4tzliche Spielger\u00e4te, die Gartengestaltung, Ausfl\u00fcge, Feste und sonstige Aktionen. Es werden engagierte Eltern ben\u00f6tigt, die [&hellip;]<\/p>\n","protected":false},"author":1,"featured_media":0,"parent":47,"menu_order":0,"comment_status":"closed","ping_status":"closed","template":"","meta":{"footnotes":""},"class_list":["post-564","page","type-page","status-publish","hentry"],"_links":{"self":[{"href":"https:\/\/kinder-quierschied.de\/index.php?rest_route=\/wp\/v2\/pages\/564","targetHints":{"allow":["GET"]}}],"collection":[{"href":"https:\/\/kinder-quierschied.de\/index.php?rest_route=\/wp\/v2\/pages"}],"about":[{"href":"https:\/\/kinder-quierschied.de\/index.php?rest_route=\/wp\/v2\/types\/page"}],"author":[{"embeddable":true,"href":"https:\/\/kinder-quierschied.de\/index.php?rest_route=\/wp\/v2\/users\/1"}],"replies":[{"embeddable":true,"href":"https:\/\/kinder-quierschied.de\/index.php?rest_route=%2Fwp%2Fv2%2Fcomments&post=564"}],"version-history":[{"count":1,"href":"https:\/\/kinder-quierschied.de\/index.php?rest_route=\/wp\/v2\/pages\/564\/revisions"}],"predecessor-version":[{"id":2967,"href":"https:\/\/kinder-quierschied.de\/index.php?rest_route=\/wp\/v2\/pages\/564\/revisions\/2967"}],"up":[{"embeddable":true,"href":"https:\/\/kinder-quierschied.de\/index.php?rest_route=\/wp\/v2\/pages\/47"}],"wp:attachment":[{"href":"https:\/\/kinder-quierschied.de\/index.php?rest_route=%2Fwp%2Fv2%2Fmedia&parent=564"}],"curies":[{"name":"wp","href":"https:\/\/api.w.org\/{rel}","templated":true}]}}