{"id":556,"date":"2024-04-23T13:15:35","date_gmt":"2024-04-23T11:15:35","guid":{"rendered":"https:\/\/kinder-quierschied.de\/?page_id=556"},"modified":"2025-07-07T12:35:23","modified_gmt":"2025-07-07T10:35:23","slug":"paedagogisches-konzept","status":"publish","type":"page","link":"https:\/\/kinder-quierschied.de\/?page_id=556","title":{"rendered":"P\u00e4dagogisches Konzept"},"content":{"rendered":"\n<p>Gesamtkonzept<\/p>\n\n\n\n<div data-wp-interactive=\"core\/file\" class=\"wp-block-file\"><object data-wp-bind--hidden=\"!state.hasPdfPreview\" hidden class=\"wp-block-file__embed\" data=\"https:\/\/kinder-quierschied.de\/wp-content\/uploads\/2025\/07\/Konzeption.pdf\" type=\"application\/pdf\" style=\"width:100%;height:600px\" aria-label=\"Einbettung von Konzeption.\"><\/object><a id=\"wp-block-file--media-9dd5d63f-b761-42ce-87d3-5856bb2a2707\" href=\"https:\/\/kinder-quierschied.de\/wp-content\/uploads\/2025\/07\/Konzeption.pdf\">Konzeption<\/a><a href=\"https:\/\/kinder-quierschied.de\/wp-content\/uploads\/2025\/07\/Konzeption.pdf\" class=\"wp-block-file__button wp-element-button\" download aria-describedby=\"wp-block-file--media-9dd5d63f-b761-42ce-87d3-5856bb2a2707\">Herunterladen<\/a><\/div>\n\n\n\n<p><strong><mark style=\"background-color:rgba(0, 0, 0, 0)\" class=\"has-inline-color has-vivid-red-color\">Tagesablauf U3 Bereich<\/mark> (Krippe)<\/strong><\/p>\n\n\n\n<p><strong>ab 07.00 Uhr<\/strong> Ankommen in den ge\u00f6ffneten Gruppen, Freispielzeit <br><strong>ca. 08.00\/08:15 Uhr<\/strong> Fr\u00fchst\u00fcckszeit in den Gruppen<br><strong>Nach dem Fr\u00fchst\u00fcck <\/strong>Freispielzeit \u2013 je nach Wetter gehen die Kinder<br>raus auf den Spielplatz oder spazieren<br><strong>11.30 Uhr <\/strong>Mittagessen<br><strong>nach dem Essen<\/strong> Ruhe- und Schlafenszeit<br><strong>ab 14:30 Uh<\/strong>r Snack<br><strong>ca. 15:00 Uhr<\/strong> Sammelgruppe in der Turnhalle oder drau\u00dfen<br><strong>bis 17.00 Uhr<\/strong> Abholzeit<\/p>\n\n\n\n<p><strong><mark style=\"background-color:rgba(0, 0, 0, 0)\" class=\"has-inline-color has-vivid-red-color\">Tagesablauf <\/mark> <\/strong><mark style=\"background-color:rgba(0, 0, 0, 0)\" class=\"has-inline-color has-vivid-red-color\"><strong>\u00dc3 Bereich<\/strong><\/mark> <strong>(KiGa)<\/strong><\/p>\n\n\n\n<p><strong>ab 07:00 Uhr<\/strong> Ankommen in den ge\u00f6ffneten Gruppen, Freispielzeit<\/p>\n\n\n\n<p><strong>ab ca. 08:00 Uhr<\/strong> Fr\u00fchst\u00fcckszeit\/ alle Gruppenr\u00e4ume ge\u00f6ffnet<\/p>\n\n\n\n<p><strong>ab 09:30 Uhr<\/strong> Morgenkreis in den Stammgruppen<\/p>\n\n\n\n<p><strong>ab 10:00 Uhr<\/strong> Freispielzeit, Angebote in den Funktionsr\u00e4umen<\/p>\n\n\n\n<p><strong>ab 11:30 <\/strong>Uhr warmes Mittagessen f\u00fcr die Ganztageskinderund Snack f\u00fcr die Regelkinder im Bistro<\/p>\n\n\n\n<p><strong>nach dem Essen<\/strong> Freispielzeit<\/p>\n\n\n\n<p><strong>ab 13:30 Uhr <\/strong>Aufteilung in die verschiedenen Ruhezeiten &#8211; Keine Abholsituation in dieser Zeit vorgesehen<\/p>\n\n\n\n<p><strong>ab 14:00 Uhr<\/strong> Nachmittagssnack im Bistro, Freispielzeit in den ge\u00f6ffneten Gruppen<\/p>\n\n\n\n<p><strong>bis 17:00 Uhr<\/strong> Abholzeit<\/p>\n\n\n\n<p><\/p>\n\n\n\n<p><\/p>\n\n\n\n<p><strong><mark style=\"background-color:#ffffff\" class=\"has-inline-color has-vivid-red-color\">Das saarl\u00e4ndische Bildungsprogramm in unserer KiTa<\/mark><\/strong><\/p>\n\n\n\n<p>Die Aufgaben des Kindergartens sind <strong>BETREUEN, ERZIEHEN und BILDEN.<\/strong><br><br>Unsere p\u00e4dagogische Arbeit orientiert sich am Saarl\u00e4ndischen Bildungsprogramm <a href=\"http:\/\/www.bildungsserversaarland.de\/\">http:\/\/www.bildungsserversaarland.de\/<\/a><br><br>Bildung wird als aktiver Prozess gesehen, der immer auch soziales Lernen bedeutet und nicht auf reine Wissensvermittlung beschr\u00e4nkt ist.<br><br>Bei der Bildung im Kindergarten geht es zum einen um die Herausbildung der eigenen Pers\u00f6nlichkeit des Kindes und zum anderen um die Beziehung des Kindes zu seiner Umwelt.<br><strong>Bildung im Kindergarten geschieht bei den Kindern nur durch die eigene T\u00e4tigkeit und muss durch alle Sinne erfahren werden.<\/strong> Neben dem selbstst\u00e4ndigen, selbstt\u00e4tigen Lernen im Offenen Haus, sind folgende Bildungsbereiche in unserer p\u00e4dagogischen Arbeit von gro\u00dfer Bedeutung.<br><br>Bildungsbereich 1: K\u00f6rper, Bewegung und Gesundheit<br><br>Bildungsbereich 2: Soziale und kulturelle Umwelt, Werteerziehung und religi\u00f6se Bildung<br><br>Bildungsbereich 3: Sprache und Schrift<br><br>Bildungsbereich 4: Bildnerisches Gestalten<br><br>Bildungsbereich 5: Musik<br><br>Bildungsbereich 6: Mathematische Grunderfahrungen<br><br>Bildungsbereich 7: Naturwissenschaftliche und technische Grunderfahrungen<br><\/p>\n\n\n\n<p><\/p>\n","protected":false},"excerpt":{"rendered":"<p>Gesamtkonzept Tagesablauf U3 Bereich (Krippe) ab 07.00 Uhr Ankommen in den ge\u00f6ffneten Gruppen, Freispielzeit ca. 08.00\/08:15 Uhr Fr\u00fchst\u00fcckszeit in den GruppenNach dem Fr\u00fchst\u00fcck Freispielzeit \u2013 je nach Wetter gehen die Kinderraus auf den Spielplatz oder spazieren11.30 Uhr Mittagessennach dem Essen Ruhe- und Schlafenszeitab 14:30 Uhr Snackca. 15:00 Uhr Sammelgruppe in der Turnhalle oder drau\u00dfenbis 17.00 [&hellip;]<\/p>\n","protected":false},"author":1,"featured_media":0,"parent":47,"menu_order":0,"comment_status":"closed","ping_status":"closed","template":"","meta":{"footnotes":""},"class_list":["post-556","page","type-page","status-publish","hentry"],"_links":{"self":[{"href":"https:\/\/kinder-quierschied.de\/index.php?rest_route=\/wp\/v2\/pages\/556","targetHints":{"allow":["GET"]}}],"collection":[{"href":"https:\/\/kinder-quierschied.de\/index.php?rest_route=\/wp\/v2\/pages"}],"about":[{"href":"https:\/\/kinder-quierschied.de\/index.php?rest_route=\/wp\/v2\/types\/page"}],"author":[{"embeddable":true,"href":"https:\/\/kinder-quierschied.de\/index.php?rest_route=\/wp\/v2\/users\/1"}],"replies":[{"embeddable":true,"href":"https:\/\/kinder-quierschied.de\/index.php?rest_route=%2Fwp%2Fv2%2Fcomments&post=556"}],"version-history":[{"count":0,"href":"https:\/\/kinder-quierschied.de\/index.php?rest_route=\/wp\/v2\/pages\/556\/revisions"}],"up":[{"embeddable":true,"href":"https:\/\/kinder-quierschied.de\/index.php?rest_route=\/wp\/v2\/pages\/47"}],"wp:attachment":[{"href":"https:\/\/kinder-quierschied.de\/index.php?rest_route=%2Fwp%2Fv2%2Fmedia&parent=556"}],"curies":[{"name":"wp","href":"https:\/\/api.w.org\/{rel}","templated":true}]}}