{"id":51,"date":"2023-09-19T11:09:20","date_gmt":"2023-09-19T11:09:20","guid":{"rendered":"http:\/\/lasbachschule.de\/?page_id=51"},"modified":"2023-10-10T09:53:49","modified_gmt":"2023-10-10T09:53:49","slug":"kita-sonnenschein","status":"publish","type":"page","link":"https:\/\/kinder-quierschied.de\/?page_id=51","title":{"rendered":"Kita Sonnenschein"},"content":{"rendered":"\n<p>Mozartstra\u00dfe 19, 66287 G\u00f6ttelborn<\/p>\n\n\n\n<p><strong>Leiterin Sandra Quirin<\/strong><\/p>\n\n\n\n<p>Tel.: 06825 6342<br>Email: <a href=\"mailto:kiga-sonnenschein@gemeinde-quierschied.de\">kiga-sonnenschein@gemeinde-quierschied.de<\/a><\/p>\n\n\n\n<p>\u00d6ffnungszeiten: Mo. &#8211; Fr. 7.00 &#8211; 17.00 Uhr<\/p>\n","protected":false},"excerpt":{"rendered":"<p>Mozartstra\u00dfe 19, 66287 G\u00f6ttelborn Leiterin Sandra Quirin Tel.: 06825 6342Email: kiga-sonnenschein@gemeinde-quierschied.de \u00d6ffnungszeiten: Mo. &#8211; Fr. 7.00 &#8211; 17.00 Uhr<\/p>\n","protected":false},"author":1,"featured_media":0,"parent":0,"menu_order":0,"comment_status":"closed","ping_status":"closed","template":"","meta":{"footnotes":""},"class_list":["post-51","page","type-page","status-publish","hentry"],"_links":{"self":[{"href":"https:\/\/kinder-quierschied.de\/index.php?rest_route=\/wp\/v2\/pages\/51","targetHints":{"allow":["GET"]}}],"collection":[{"href":"https:\/\/kinder-quierschied.de\/index.php?rest_route=\/wp\/v2\/pages"}],"about":[{"href":"https:\/\/kinder-quierschied.de\/index.php?rest_route=\/wp\/v2\/types\/page"}],"author":[{"embeddable":true,"href":"https:\/\/kinder-quierschied.de\/index.php?rest_route=\/wp\/v2\/users\/1"}],"replies":[{"embeddable":true,"href":"https:\/\/kinder-quierschied.de\/index.php?rest_route=%2Fwp%2Fv2%2Fcomments&post=51"}],"version-history":[{"count":0,"href":"https:\/\/kinder-quierschied.de\/index.php?rest_route=\/wp\/v2\/pages\/51\/revisions"}],"wp:attachment":[{"href":"https:\/\/kinder-quierschied.de\/index.php?rest_route=%2Fwp%2Fv2%2Fmedia&parent=51"}],"curies":[{"name":"wp","href":"https:\/\/api.w.org\/{rel}","templated":true}]}}