{"id":49,"date":"2023-09-19T11:09:08","date_gmt":"2023-09-19T11:09:08","guid":{"rendered":"http:\/\/lasbachschule.de\/?page_id=49"},"modified":"2023-10-10T09:42:38","modified_gmt":"2023-10-10T09:42:38","slug":"kita-pusteblume","status":"publish","type":"page","link":"https:\/\/kinder-quierschied.de\/?page_id=49","title":{"rendered":"Kita Pusteblume"},"content":{"rendered":"\n<p>Quierschieder Stra\u00dfe 134, 66287 Fischbach-Camphausen<\/p>\n\n\n\n<p><strong>Leiterin Bianca P\u00fctz<\/strong><\/p>\n\n\n\n<p>Tel.: 06897 63999<br>Email: <a href=\"mailto:kiga-pusteblume@gemeinde-quierschied.de\">kiga-pusteblume@gemeinde-quierschied.de<\/a><\/p>\n\n\n\n<p>\u00d6ffnungszeiten: Mo. &#8211; Fr. 7.00 \u2013 17.00 Uhr<\/p>\n","protected":false},"excerpt":{"rendered":"<p>Quierschieder Stra\u00dfe 134, 66287 Fischbach-Camphausen Leiterin Bianca P\u00fctz Tel.: 06897 63999Email: kiga-pusteblume@gemeinde-quierschied.de \u00d6ffnungszeiten: Mo. &#8211; Fr. 7.00 \u2013 17.00 Uhr<\/p>\n","protected":false},"author":1,"featured_media":0,"parent":0,"menu_order":0,"comment_status":"closed","ping_status":"closed","template":"","meta":{"footnotes":""},"class_list":["post-49","page","type-page","status-publish","hentry"],"_links":{"self":[{"href":"https:\/\/kinder-quierschied.de\/index.php?rest_route=\/wp\/v2\/pages\/49","targetHints":{"allow":["GET"]}}],"collection":[{"href":"https:\/\/kinder-quierschied.de\/index.php?rest_route=\/wp\/v2\/pages"}],"about":[{"href":"https:\/\/kinder-quierschied.de\/index.php?rest_route=\/wp\/v2\/types\/page"}],"author":[{"embeddable":true,"href":"https:\/\/kinder-quierschied.de\/index.php?rest_route=\/wp\/v2\/users\/1"}],"replies":[{"embeddable":true,"href":"https:\/\/kinder-quierschied.de\/index.php?rest_route=%2Fwp%2Fv2%2Fcomments&post=49"}],"version-history":[{"count":0,"href":"https:\/\/kinder-quierschied.de\/index.php?rest_route=\/wp\/v2\/pages\/49\/revisions"}],"wp:attachment":[{"href":"https:\/\/kinder-quierschied.de\/index.php?rest_route=%2Fwp%2Fv2%2Fmedia&parent=49"}],"curies":[{"name":"wp","href":"https:\/\/api.w.org\/{rel}","templated":true}]}}