{"id":489,"date":"2024-04-23T10:07:21","date_gmt":"2024-04-23T08:07:21","guid":{"rendered":"https:\/\/kinder-quierschied.de\/?page_id=489"},"modified":"2025-07-18T12:14:04","modified_gmt":"2025-07-18T10:14:04","slug":"ueber-uns","status":"publish","type":"page","link":"https:\/\/kinder-quierschied.de\/?page_id=489","title":{"rendered":"\u00dcber uns"},"content":{"rendered":"\n<p><\/p>\n\n\n\n<p><\/p>\n\n\n\n<p><\/p>\n\n\n\n<div class=\"wp-block-media-text is-stacked-on-mobile\"><figure class=\"wp-block-media-text__media\"><img fetchpriority=\"high\" decoding=\"async\" width=\"553\" height=\"392\" src=\"https:\/\/kinder-quierschied.de\/wp-content\/uploads\/2025\/07\/Kita-Sonnenschein.png\" alt=\"\" class=\"wp-image-1709 size-full\" srcset=\"https:\/\/kinder-quierschied.de\/wp-content\/uploads\/2025\/07\/Kita-Sonnenschein.png 553w, https:\/\/kinder-quierschied.de\/wp-content\/uploads\/2025\/07\/Kita-Sonnenschein-300x213.png 300w\" sizes=\"(max-width: 553px) 100vw, 553px\" \/><\/figure><div class=\"wp-block-media-text__content\">\n<p><strong>Leitung:<\/strong> Sandra Quirin<\/p>\n\n\n\n<p><strong>Stellvertretende Leitung: <\/strong>Bettina Kr\u00f6ner<\/p>\n\n\n\n<p><strong>Eulen, Kiga-Gruppe: <\/strong>Elisa Honig, Jeanette Merkel, Sissy Fischer<\/p>\n\n\n\n<p><strong>Fr\u00f6sche, Krippen-Gruppe: <\/strong> Petra Baltes, Petra Kaufmann, Christine Krumeich, Bettina Kr\u00f6ner<\/p>\n\n\n\n<p><strong>Maulw\u00fcrfe, Kiga-Gruppe:<\/strong> Barbara Hartmann, Myriam Sch\u00f6nenberger, Silke Scherschel<\/p>\n\n\n\n<p><strong>M\u00e4use, Kiga-Gruppe: <\/strong>Mirjam Fries, Nina Dillenburger, Lara Beringhausen ,<\/p>\n\n\n\n<p>                                    Berufspraktikantin Michelle Meyer<\/p>\n\n\n\n<p><strong>Hauswirtschaftskr\u00e4fte:<\/strong> Ingeborg Hauth &amp; Gabriele Saar<\/p>\n\n\n\n<p><strong>Biologin:<\/strong> Maria Dumont<\/p>\n<\/div><\/div>\n","protected":false},"excerpt":{"rendered":"<p>Leitung: Sandra Quirin Stellvertretende Leitung: Bettina Kr\u00f6ner Eulen, Kiga-Gruppe: Elisa Honig, Jeanette Merkel, Sissy Fischer Fr\u00f6sche, Krippen-Gruppe: Petra Baltes, Petra Kaufmann, Christine Krumeich, Bettina Kr\u00f6ner Maulw\u00fcrfe, Kiga-Gruppe: Barbara Hartmann, Myriam Sch\u00f6nenberger, Silke Scherschel M\u00e4use, Kiga-Gruppe: Mirjam Fries, Nina Dillenburger, Lara Beringhausen , Berufspraktikantin Michelle Meyer Hauswirtschaftskr\u00e4fte: Ingeborg Hauth &amp; Gabriele Saar Biologin: Maria Dumont<\/p>\n","protected":false},"author":1,"featured_media":0,"parent":51,"menu_order":0,"comment_status":"closed","ping_status":"closed","template":"","meta":{"footnotes":""},"class_list":["post-489","page","type-page","status-publish","hentry"],"_links":{"self":[{"href":"https:\/\/kinder-quierschied.de\/index.php?rest_route=\/wp\/v2\/pages\/489","targetHints":{"allow":["GET"]}}],"collection":[{"href":"https:\/\/kinder-quierschied.de\/index.php?rest_route=\/wp\/v2\/pages"}],"about":[{"href":"https:\/\/kinder-quierschied.de\/index.php?rest_route=\/wp\/v2\/types\/page"}],"author":[{"embeddable":true,"href":"https:\/\/kinder-quierschied.de\/index.php?rest_route=\/wp\/v2\/users\/1"}],"replies":[{"embeddable":true,"href":"https:\/\/kinder-quierschied.de\/index.php?rest_route=%2Fwp%2Fv2%2Fcomments&post=489"}],"version-history":[{"count":0,"href":"https:\/\/kinder-quierschied.de\/index.php?rest_route=\/wp\/v2\/pages\/489\/revisions"}],"up":[{"embeddable":true,"href":"https:\/\/kinder-quierschied.de\/index.php?rest_route=\/wp\/v2\/pages\/51"}],"wp:attachment":[{"href":"https:\/\/kinder-quierschied.de\/index.php?rest_route=%2Fwp%2Fv2%2Fmedia&parent=489"}],"curies":[{"name":"wp","href":"https:\/\/api.w.org\/{rel}","templated":true}]}}