{"id":460,"date":"2024-04-22T10:46:09","date_gmt":"2024-04-22T08:46:09","guid":{"rendered":"https:\/\/kinder-quierschied.de\/?page_id=460"},"modified":"2026-03-11T15:14:40","modified_gmt":"2026-03-11T14:14:40","slug":"foerderverein-fischbach","status":"publish","type":"page","link":"https:\/\/kinder-quierschied.de\/?page_id=460","title":{"rendered":"F\u00f6rdervereine"},"content":{"rendered":"\n<h2 class=\"wp-block-heading has-large-font-size\"><strong>Der F\u00f6rderverein Fischbach stellt sich vor:<\/strong><\/h2>\n\n\n\n<p>Eine gut funktionierende Schule besteht aus motivierten P\u00e4dagogen und Mitarbeitern, einer aktiven Elternvertretung und nat\u00fcrlich dem F\u00f6rderverein. Im Jahre 2002 wurde unser F\u00f6rderverein gegr\u00fcndet und er hat es sich zur Aufgabe gemacht, in einer Zeit immer knapper werdender Mittel&#8230;<\/p>\n\n\n\n<ul class=\"wp-block-list\">\n<li>Die Belange der Schule im Interesse der Kinder zu f\u00f6rdern<\/li>\n\n\n\n<li>Die Ausstattung der Schule zu verbessern<\/li>\n\n\n\n<li>Schulveranstaltungen zu unterst\u00fctzen<\/li>\n\n\n\n<li>Unterst\u00fctzung sozial schwacher Kinder<\/li>\n<\/ul>\n\n\n\n<p><strong>WIR F\u00d6RDERN&#8230;<\/strong><\/p>\n\n\n\n<ul class=\"wp-block-list\">\n<li><strong>Sicherheit<\/strong><\/li>\n\n\n\n<li><strong>Kulturelles<\/strong><\/li>\n\n\n\n<li><strong>Sportliches<\/strong><\/li>\n\n\n\n<li><strong>Selbstbewusstsein<\/strong><\/li>\n\n\n\n<li><strong>Selbstst\u00e4ndigkeit<\/strong><\/li>\n<\/ul>\n\n\n\n<h2 class=\"wp-block-heading\">Vorsitzende sind:<\/h2>\n\n\n\n<p>1. Vorsitzende: Frau Svenja Schmelzer<br>1. Beirat: Dr. Markus Lehnert<br>Schatzmeisterin: Ilenia Ebelsheiser-Angilella<br>Schriftf\u00fchrerin: Jenni Dollmann<\/p>\n\n\n\n<div class=\"wp-block-file\"><a id=\"wp-block-file--media-60b023a1-4074-46e8-ab5d-48127d7105e9\" href=\"https:\/\/kinder-quierschied.de\/wp-content\/uploads\/2025\/08\/Mitgliederantrag_Foerderverein_GS_Fischbach.pdf\">Mitgliederantrag_F\u00f6rderverein_GS_Fischbach<\/a><a href=\"https:\/\/kinder-quierschied.de\/wp-content\/uploads\/2025\/08\/Mitgliederantrag_Foerderverein_GS_Fischbach.pdf\" class=\"wp-block-file__button wp-element-button\" download aria-describedby=\"wp-block-file--media-60b023a1-4074-46e8-ab5d-48127d7105e9\">Herunterladen<\/a><\/div>\n\n\n\n<p class=\"has-large-font-size\"><strong>Der F\u00f6rderverein G\u00f6ttelborn stellt sich vor:<\/strong><\/p>\n\n\n<div class=\"wp-block-image\">\n<figure class=\"alignleft size-full is-resized\"><img fetchpriority=\"high\" decoding=\"async\" width=\"380\" height=\"200\" src=\"https:\/\/kinder-quierschied.de\/wp-content\/uploads\/2025\/11\/image-1.png\" alt=\"\" class=\"wp-image-2530\" style=\"width:266px;height:auto\" srcset=\"https:\/\/kinder-quierschied.de\/wp-content\/uploads\/2025\/11\/image-1.png 380w, https:\/\/kinder-quierschied.de\/wp-content\/uploads\/2025\/11\/image-1-300x158.png 300w\" sizes=\"(max-width: 380px) 100vw, 380px\" \/><\/figure>\n<\/div>\n\n\n<p>Der F\u00f6rderverein des Standortes G\u00f6ttelborn der Grundschule Fischbach-G\u00f6ttelborn, oder einfacher F\u00f6GG\u00f6 e.V. wurde im Jahr 2005 gegr\u00fcndet.<\/p>\n\n\n\n<p>Wir sind sehr froh, dass der Standort weiterhin existiert. Schlie\u00dflich wurde dies in der Vergangenheit schon infrage gestellt. Mit unserem Engagement wollen wir zum Erhalt des Standorts beitragen, damit G\u00f6ttelborn f\u00fcr Familien weiterhin attraktiv ist und vor allem lebendig bleibt.<\/p>\n\n\n\n<p>Daneben sind unsere wichtigsten Vorhaben, dass<\/p>\n\n\n\n<ul class=\"wp-block-list\">\n<li>eine solide Ausstattung zur Verf\u00fcgung steht<\/li>\n\n\n\n<li>die Kinder eine angenehme Lernatmosph\u00e4re haben<\/li>\n\n\n\n<li>Projekte jeglicher Art durchgef\u00fchrt werden k\u00f6nnen<\/li>\n\n\n\n<li>Angebote an Wandertagen ohne zus\u00e4tzliche Kosten f\u00fcr die Eltern wahrgenommen werden<\/li>\n\n\n\n<li>sozial schwache Familien Unterst\u00fctzung erfahren.<\/li>\n<\/ul>\n\n\n\n<p>Zun\u00e4chst sind unsere Mitgliedsbeitr\u00e4ge unsere wichtigsten Einnahmen.<\/p>\n\n\n\n<p>Der Mindestbeitrag liegt bei 12 \u20ac j\u00e4hrlich.<\/p>\n\n\n\n<p>Da die Fluktuation bei den Mitgliedern hoch ist, sind wir stets auf neue Mitglieder angewiesen. Wir haben aber auch das Gl\u00fcck, dass uns viele Mitglieder seit langem die Treue halten.<\/p>\n\n\n\n<p>Wir finanzieren uns ansonsten \u00fcber Spenden und Einnahmen aus Projekten, die wir allj\u00e4hrlich organisieren bzw. an welchen wir beteiligt sind.<\/p>\n\n\n\n<p>Hierzu z\u00e4hlen:<\/p>\n\n\n\n<ul class=\"wp-block-list\">\n<li>St. Martinsumzug<\/li>\n\n\n\n<li>Verkaufsstand am Adventsmarkt in G\u00f6ttelborn<\/li>\n\n\n\n<li>Knutfest<\/li>\n\n\n\n<li>Kinderkleider- und Spielzeugb\u00f6rse<\/li>\n\n\n\n<li>Schulfest (alle 4 Jahre am Standort G\u00f6ttelborn)<\/li>\n<\/ul>\n\n\n\n<p>Folgende Aktionen haben wir in der Vergangenheit bereits umgesetzt:<\/p>\n\n\n\n<ul class=\"wp-block-list\">\n<li>Erwerb einer Tischtennisplatte<\/li>\n\n\n\n<li>Erwerb von jeweils 12 Fahrrad- und Rollerst\u00e4ndern<\/li>\n\n\n\n<li>Kuchenbuffet zur Einschulungsfeier mit Unterst\u00fctzung der Eltern der jeweiligen Zweitkl\u00e4ssler<\/li>\n\n\n\n<li>Erwerb der Martinsbrezeln<\/li>\n\n\n\n<li>Adventskr\u00e4nze f\u00fcr alle Klassen<\/li>\n\n\n\n<li>Besuch des Nikolaus und Verteilen der Weckm\u00e4nner<\/li>\n\n\n\n<li>Verkauf von Bastelware und Leckereien am Adventsmarkt<\/li>\n\n\n\n<li>Weihnachtsgeschenke f\u00fcr alle Klassen<\/li>\n\n\n\n<li>Verkauf von Kinderpunsch am Knutfest<\/li>\n\n\n\n<li>Berliner an Fastnacht<\/li>\n\n\n\n<li>Veranstaltung einer Kinderkleider- und Spielzeugb\u00f6rse<\/li>\n\n\n\n<li>Organisation von Schulfesten<\/li>\n\n\n\n<li>Beteiligung am World Cleanup Day<\/li>\n\n\n\n<li>Verpflegung beim Sportfest<\/li>\n\n\n\n<li>Abschiedsgeschenke f\u00fcr die Viertkl\u00e4ssler<\/li>\n\n\n\n<li>\u00dcbernahme von Buskosten<\/li>\n\n\n\n<li>Kosten\u00fcbernahme f\u00fcr das Projekt der Waldp\u00e4dagogin \u201eWaldsteffi\u201c<\/li>\n\n\n\n<li>regelm\u00e4\u00dfige \u201eWaffeltage\u201c in der Schule<\/li>\n\n\n\n<li>Kosten\u00fcbernahme f\u00fcr einen Erste-Hilfe-Kurs<\/li>\n\n\n\n<li>Beteiligung bei einer Vernissage an der Grundschule<\/li>\n\n\n\n<li>Erwerb von \u201eBoomwhackers\u201c f\u00fcr den Musikunterricht<\/li>\n\n\n\n<li>Kosten\u00fcbernahme f\u00fcr die Versicherung der Kontrab\u00e4sse<\/li>\n\n\n\n<li>Erwerb von Yogamatten<\/li>\n\n\n\n<li>Erwerb von Sandspielzeug f\u00fcr die FGTS<\/li>\n\n\n\n<li>Eisspenden<\/li>\n\n\n\n<li>Kosten\u00fcbernahme f\u00fcr das \u201eL\u00f6wentraining\u201c<\/li>\n<\/ul>\n\n\n\n<p>Unser Vorstand besteht aus folgenden Mitgliedern:<\/p>\n\n\n\n<ol class=\"wp-block-list\">\n<li>Vorsitzender: Andreas Jochum<\/li>\n\n\n\n<li>Vorsitzender: Timo Kirsch<br>Kassenwart: Peter Saar<br>Schriftf\u00fchrerin: Anna Simmet<br>Beisitzer: Andreas Breier, Tim Rozenski, Nicole Schank, Marc Wilhelm<br>Schulleiterin kraft Amtes: Martina Wilkin-Hoffmann<br>Elternvertretung: Pia Kuznik<\/li>\n<\/ol>\n\n\n\n<p>Kontaktieren Sie uns gerne unter: <a href=\"mailto:foerderverein.grundschule.goettelborn@gmx.de\">foerderverein.grundschule.goettelborn@gmx.de<\/a>!<\/p>\n\n\n\n<p>Wir sind sehr dankbar \u00fcber Feedback und neuen Inspirationen! Vor allem freuen wir uns \u00fcber neue Mitglieder. <strong>Mit nur 1 \u20ac pro Monat k\u00f6nnen Sie viel beitragen!<\/strong><\/p>\n\n\n\n<div class=\"wp-block-file\"><a id=\"wp-block-file--media-a3daa298-189c-4316-8ac3-ca54ca4e636e\" href=\"https:\/\/kinder-quierschied.de\/wp-content\/uploads\/2025\/11\/Mitgliedsantrag_FoeGGoe.pdf\">Mitgliedsantrag_F\u00f6GG\u00f6<\/a><a href=\"https:\/\/kinder-quierschied.de\/wp-content\/uploads\/2025\/11\/Mitgliedsantrag_FoeGGoe.pdf\" class=\"wp-block-file__button wp-element-button\" download aria-describedby=\"wp-block-file--media-a3daa298-189c-4316-8ac3-ca54ca4e636e\">Herunterladen<\/a><\/div>\n\n\n\n<p>Folgen Sie auch gerne unserem What\u2019s App Channel: hier berichten wir \u00fcber s\u00e4mtliche Neuigkeiten!<\/p>\n\n\n\n<figure class=\"wp-block-image size-full\"><img decoding=\"async\" width=\"488\" height=\"543\" src=\"https:\/\/kinder-quierschied.de\/wp-content\/uploads\/2025\/11\/image.png\" alt=\"\" class=\"wp-image-2528\" srcset=\"https:\/\/kinder-quierschied.de\/wp-content\/uploads\/2025\/11\/image.png 488w, https:\/\/kinder-quierschied.de\/wp-content\/uploads\/2025\/11\/image-270x300.png 270w\" sizes=\"(max-width: 488px) 100vw, 488px\" \/><\/figure>\n","protected":false},"excerpt":{"rendered":"<p>Der F\u00f6rderverein Fischbach stellt sich vor: Eine gut funktionierende Schule besteht aus motivierten P\u00e4dagogen und Mitarbeitern, einer aktiven Elternvertretung und nat\u00fcrlich dem F\u00f6rderverein. Im Jahre 2002 wurde unser F\u00f6rderverein gegr\u00fcndet und er hat es sich zur Aufgabe gemacht, in einer Zeit immer knapper werdender Mittel&#8230; WIR F\u00d6RDERN&#8230; Vorsitzende sind: 1. Vorsitzende: Frau Svenja Schmelzer1. Beirat: [&hellip;]<\/p>\n","protected":false},"author":1,"featured_media":0,"parent":57,"menu_order":0,"comment_status":"closed","ping_status":"closed","template":"","meta":{"footnotes":""},"class_list":["post-460","page","type-page","status-publish","hentry"],"_links":{"self":[{"href":"https:\/\/kinder-quierschied.de\/index.php?rest_route=\/wp\/v2\/pages\/460","targetHints":{"allow":["GET"]}}],"collection":[{"href":"https:\/\/kinder-quierschied.de\/index.php?rest_route=\/wp\/v2\/pages"}],"about":[{"href":"https:\/\/kinder-quierschied.de\/index.php?rest_route=\/wp\/v2\/types\/page"}],"author":[{"embeddable":true,"href":"https:\/\/kinder-quierschied.de\/index.php?rest_route=\/wp\/v2\/users\/1"}],"replies":[{"embeddable":true,"href":"https:\/\/kinder-quierschied.de\/index.php?rest_route=%2Fwp%2Fv2%2Fcomments&post=460"}],"version-history":[{"count":4,"href":"https:\/\/kinder-quierschied.de\/index.php?rest_route=\/wp\/v2\/pages\/460\/revisions"}],"predecessor-version":[{"id":2853,"href":"https:\/\/kinder-quierschied.de\/index.php?rest_route=\/wp\/v2\/pages\/460\/revisions\/2853"}],"up":[{"embeddable":true,"href":"https:\/\/kinder-quierschied.de\/index.php?rest_route=\/wp\/v2\/pages\/57"}],"wp:attachment":[{"href":"https:\/\/kinder-quierschied.de\/index.php?rest_route=%2Fwp%2Fv2%2Fmedia&parent=460"}],"curies":[{"name":"wp","href":"https:\/\/api.w.org\/{rel}","templated":true}]}}