{"id":444,"date":"2024-04-22T10:39:08","date_gmt":"2024-04-22T08:39:08","guid":{"rendered":"https:\/\/kinder-quierschied.de\/?page_id=444"},"modified":"2025-09-21T10:17:48","modified_gmt":"2025-09-21T08:17:48","slug":"unterrichtszeiten","status":"publish","type":"page","link":"https:\/\/kinder-quierschied.de\/?page_id=444","title":{"rendered":"Unterrichtszeiten"},"content":{"rendered":"\n<figure class=\"wp-block-table\"><table class=\"has-fixed-layout\"><tbody><tr><td><mark style=\"background-color:rgba(0, 0, 0, 0)\" class=\"has-inline-color has-luminous-vivid-orange-color\">Fr\u00fchaufsicht<\/mark><\/td><td><mark style=\"background-color:rgba(0, 0, 0, 0)\" class=\"has-inline-color has-luminous-vivid-orange-color\">ab 7:35 Uhr<\/mark><\/td><\/tr><tr><td>1. Stunde<\/td><td>7:50 &#8211; 8:30 Uhr<\/td><\/tr><tr><td>2. Stunde<\/td><td>8:30 &#8211; 9:10 Uhr<\/td><\/tr><tr><td><mark style=\"background-color:rgba(0, 0, 0, 0)\" class=\"has-inline-color has-luminous-vivid-orange-color\">Fr\u00fchst\u00fcckspause<\/mark><\/td><td><mark style=\"background-color:rgba(0, 0, 0, 0)\" class=\"has-inline-color has-luminous-vivid-orange-color\">9:10 &#8211; 9:20 Uhr<\/mark><\/td><\/tr><tr><td><mark style=\"background-color:rgba(0, 0, 0, 0)\" class=\"has-inline-color has-vivid-cyan-blue-color\">Leseband<\/mark><\/td><td><mark style=\"background-color:rgba(0, 0, 0, 0)\" class=\"has-inline-color has-vivid-cyan-blue-color\">9:20 &#8211; 9:40 Uhr<\/mark><\/td><\/tr><tr><td><mark style=\"background-color:rgba(0, 0, 0, 0)\" class=\"has-inline-color has-luminous-vivid-orange-color\">1. Gro\u00dfe Pause<\/mark><\/td><td><mark style=\"background-color:rgba(0, 0, 0, 0)\" class=\"has-inline-color has-luminous-vivid-orange-color\">9:40 &#8211; 10:00 Uhr<\/mark><\/td><\/tr><tr><td>3. Stunde<\/td><td>10:00 &#8211; 10:40 Uhr<\/td><\/tr><tr><td>4. Stunde<\/td><td>10:40 &#8211; 11:20 Uhr<\/td><\/tr><tr><td><mark style=\"background-color:rgba(0, 0, 0, 0)\" class=\"has-inline-color has-luminous-vivid-orange-color\">2. Gro\u00dfe Pause<\/mark><\/td><td><mark style=\"background-color:rgba(0, 0, 0, 0)\" class=\"has-inline-color has-luminous-vivid-orange-color\">11:20 &#8211; 11:40 Uhr<\/mark><\/td><\/tr><tr><td>5. Stunde<\/td><td>11:40 &#8211; 12:25 Uhr<\/td><\/tr><tr><td>6. Stunde<\/td><td>12:25 &#8211; 13:10 Uhr<\/td><\/tr><\/tbody><\/table><\/figure>\n","protected":false},"excerpt":{"rendered":"<p>Fr\u00fchaufsicht ab 7:35 Uhr 1. Stunde 7:50 &#8211; 8:30 Uhr 2. Stunde 8:30 &#8211; 9:10 Uhr Fr\u00fchst\u00fcckspause 9:10 &#8211; 9:20 Uhr Leseband 9:20 &#8211; 9:40 Uhr 1. Gro\u00dfe Pause 9:40 &#8211; 10:00 Uhr 3. Stunde 10:00 &#8211; 10:40 Uhr 4. Stunde 10:40 &#8211; 11:20 Uhr 2. Gro\u00dfe Pause 11:20 &#8211; 11:40 Uhr 5. Stunde 11:40 [&hellip;]<\/p>\n","protected":false},"author":1,"featured_media":0,"parent":57,"menu_order":2,"comment_status":"closed","ping_status":"closed","template":"","meta":{"footnotes":""},"class_list":["post-444","page","type-page","status-publish","hentry"],"_links":{"self":[{"href":"https:\/\/kinder-quierschied.de\/index.php?rest_route=\/wp\/v2\/pages\/444","targetHints":{"allow":["GET"]}}],"collection":[{"href":"https:\/\/kinder-quierschied.de\/index.php?rest_route=\/wp\/v2\/pages"}],"about":[{"href":"https:\/\/kinder-quierschied.de\/index.php?rest_route=\/wp\/v2\/types\/page"}],"author":[{"embeddable":true,"href":"https:\/\/kinder-quierschied.de\/index.php?rest_route=\/wp\/v2\/users\/1"}],"replies":[{"embeddable":true,"href":"https:\/\/kinder-quierschied.de\/index.php?rest_route=%2Fwp%2Fv2%2Fcomments&post=444"}],"version-history":[{"count":3,"href":"https:\/\/kinder-quierschied.de\/index.php?rest_route=\/wp\/v2\/pages\/444\/revisions"}],"predecessor-version":[{"id":2209,"href":"https:\/\/kinder-quierschied.de\/index.php?rest_route=\/wp\/v2\/pages\/444\/revisions\/2209"}],"up":[{"embeddable":true,"href":"https:\/\/kinder-quierschied.de\/index.php?rest_route=\/wp\/v2\/pages\/57"}],"wp:attachment":[{"href":"https:\/\/kinder-quierschied.de\/index.php?rest_route=%2Fwp%2Fv2%2Fmedia&parent=444"}],"curies":[{"name":"wp","href":"https:\/\/api.w.org\/{rel}","templated":true}]}}