{"id":431,"date":"2024-04-22T10:27:45","date_gmt":"2024-04-22T08:27:45","guid":{"rendered":"https:\/\/kinder-quierschied.de\/?page_id=431"},"modified":"2026-02-27T12:45:56","modified_gmt":"2026-02-27T11:45:56","slug":"schulsozialarbeit","status":"publish","type":"page","link":"https:\/\/kinder-quierschied.de\/?page_id=431","title":{"rendered":"Schulsozialarbeit"},"content":{"rendered":"\n<p>Liebe Sch\u00fclerInnen, liebe Eltern,<\/p>\n\n\n\n<p>mein Name ist Ines M\u00fcnzenmaier, ich bin Diplom-P\u00e4dagogin und arbeite an der Grundschule Lasbach als Schulsozialarbeiterin.<\/p>\n\n\n\n<p>Ich bin dienstags und freitags als Ansprechpartnerin an der Schule; an anderen Tagen bin ich telefonisch unter der 0151\/53125869 oder per Mail: <a href=\"mailto:ines.muenzenmaier@asb-saarland.de\">ines.muenzenmaier@asb-saarland.de<\/a> erreichbar.<\/p>\n\n\n\n<p>Schulsozialarbeit entspringt als Projekt der Kooperation zwischen dem Regionalverband&nbsp;Saarbr\u00fccken und dem Bildungsministerium mit dem Ziel der Verbesserung der Kooperation zwischen Schulen und Jugendhilfe, denn die Zunahme der Zahl von Eltern und Elternteilen, die \u00fcber Erziehungsschwierigkeiten mit ihren Kindern klagen und diesen Problemen ratlos gegen\u00fcberstehen, nimmt leider immer mehr zu. Jugendhilfe und Schulen haben es oft mit dem gleichen Personenkreis zu tun und m\u00fcssen, um den Problemlagen von Kindern und Jugendlichen begegnen zu k\u00f6nnen, eng zusammenarbeiten.<\/p>\n\n\n\n<p>Daraus ergeben sich u.a. die folgenden&nbsp;Aufgabenfelder:<\/p>\n\n\n\n<ul class=\"wp-block-list\">\n<li><strong>(Erst-)Beratung von Sch\u00fclerInnen in Krisensituationen<\/strong><\/li>\n\n\n\n<li><strong>Hilfe bei schulischen und famili\u00e4ren Problemen<\/strong><\/li>\n\n\n\n<li><strong>Beratungsangebote f\u00fcr Eltern<\/strong><\/li>\n\n\n\n<li><strong>Unterst\u00fctzung bei Konflikten mit der Schule<\/strong><\/li>\n\n\n\n<li><strong>Hilfe bei der Kontaktaufnahme zu sozialen Institutionen<\/strong><\/li>\n\n\n\n<li><strong>Projektarbeit in Klassen (Sozialkompetenztraining, Klassenrat\u2026)<\/strong><\/li>\n<\/ul>\n\n\n\n<p>Ich freue mich Sie bald kennenzulernen,<\/p>\n\n\n\n<p>Ines M\u00fcnzenmaier<\/p>\n\n\n\n<p>Dipl. P\u00e4dagogin, ASB Saarland e.V.<\/p>\n\n\n\n<p><\/p>\n\n\n\n<figure class=\"wp-block-image size-large\"><img fetchpriority=\"high\" decoding=\"async\" width=\"1024\" height=\"654\" src=\"https:\/\/kinder-quierschied.de\/wp-content\/uploads\/2025\/05\/Schulsozialarbeit-Flyer-1-1024x654.png\" alt=\"\" class=\"wp-image-934\" srcset=\"https:\/\/kinder-quierschied.de\/wp-content\/uploads\/2025\/05\/Schulsozialarbeit-Flyer-1-1024x654.png 1024w, https:\/\/kinder-quierschied.de\/wp-content\/uploads\/2025\/05\/Schulsozialarbeit-Flyer-1-300x192.png 300w, https:\/\/kinder-quierschied.de\/wp-content\/uploads\/2025\/05\/Schulsozialarbeit-Flyer-1-768x491.png 768w, https:\/\/kinder-quierschied.de\/wp-content\/uploads\/2025\/05\/Schulsozialarbeit-Flyer-1-1536x981.png 1536w, https:\/\/kinder-quierschied.de\/wp-content\/uploads\/2025\/05\/Schulsozialarbeit-Flyer-1-2048x1308.png 2048w\" sizes=\"(max-width: 1024px) 100vw, 1024px\" \/><\/figure>\n\n\n\n<p><\/p>\n","protected":false},"excerpt":{"rendered":"<p>Liebe Sch\u00fclerInnen, liebe Eltern, mein Name ist Ines M\u00fcnzenmaier, ich bin Diplom-P\u00e4dagogin und arbeite an der Grundschule Lasbach als Schulsozialarbeiterin. Ich bin dienstags und freitags als Ansprechpartnerin an der Schule; an anderen Tagen bin ich telefonisch unter der 0151\/53125869 oder per Mail: ines.muenzenmaier@asb-saarland.de erreichbar. Schulsozialarbeit entspringt als Projekt der Kooperation zwischen dem Regionalverband&nbsp;Saarbr\u00fccken und dem [&hellip;]<\/p>\n","protected":false},"author":1,"featured_media":0,"parent":53,"menu_order":0,"comment_status":"closed","ping_status":"closed","template":"","meta":{"footnotes":""},"class_list":["post-431","page","type-page","status-publish","hentry"],"_links":{"self":[{"href":"https:\/\/kinder-quierschied.de\/index.php?rest_route=\/wp\/v2\/pages\/431","targetHints":{"allow":["GET"]}}],"collection":[{"href":"https:\/\/kinder-quierschied.de\/index.php?rest_route=\/wp\/v2\/pages"}],"about":[{"href":"https:\/\/kinder-quierschied.de\/index.php?rest_route=\/wp\/v2\/types\/page"}],"author":[{"embeddable":true,"href":"https:\/\/kinder-quierschied.de\/index.php?rest_route=\/wp\/v2\/users\/1"}],"replies":[{"embeddable":true,"href":"https:\/\/kinder-quierschied.de\/index.php?rest_route=%2Fwp%2Fv2%2Fcomments&post=431"}],"version-history":[{"count":3,"href":"https:\/\/kinder-quierschied.de\/index.php?rest_route=\/wp\/v2\/pages\/431\/revisions"}],"predecessor-version":[{"id":2851,"href":"https:\/\/kinder-quierschied.de\/index.php?rest_route=\/wp\/v2\/pages\/431\/revisions\/2851"}],"up":[{"embeddable":true,"href":"https:\/\/kinder-quierschied.de\/index.php?rest_route=\/wp\/v2\/pages\/53"}],"wp:attachment":[{"href":"https:\/\/kinder-quierschied.de\/index.php?rest_route=%2Fwp%2Fv2%2Fmedia&parent=431"}],"curies":[{"name":"wp","href":"https:\/\/api.w.org\/{rel}","templated":true}]}}