{"id":401,"date":"2024-02-22T14:12:47","date_gmt":"2024-02-22T13:12:47","guid":{"rendered":"https:\/\/kinder-quierschied.de\/?page_id=401"},"modified":"2024-02-22T14:12:47","modified_gmt":"2024-02-22T13:12:47","slug":"schul-und-mehrzweckhallen-in-der-gemeinde","status":"publish","type":"page","link":"https:\/\/kinder-quierschied.de\/?page_id=401","title":{"rendered":"Schul- und Mehrzweckhallen in der Gemeinde"},"content":{"rendered":"\n<h4 class=\"wp-block-heading\">Sporthalle Taubenfeld<\/h4>\n\n\n\n<p>Im Taubenfeld<br>66287 Quierschied<br>Tr\u00e4ger: Gemeinde Quierschied<\/p>\n\n\n\n<h4 class=\"wp-block-heading\">Schulturnhalle Grundschule Fischbach-Camphausen<\/h4>\n\n\n\n<p>Heusweilerstra\u00dfe 45<br>66287 Quierschied<br>Tr\u00e4ger: Gemeinde Quierschied<\/p>\n\n\n\n<h4 class=\"wp-block-heading\">Schulturnhalle Grundschule G\u00f6ttelborn\/ Mehrzweckhalle<\/h4>\n\n\n\n<p>Hauptstra\u00dfe 189<br>66287 Quierschied<br>Tr\u00e4ger: Gemeinde Quierschied<\/p>\n\n\n\n<h4 class=\"wp-block-heading\">Fischbachhalle<\/h4>\n\n\n\n<p>Quierschieder Stra\u00dfe\/ Marktplatz<br>66287 Quierschied<br>Tr\u00e4ger: Gemeinde Quierschied<\/p>\n\n\n\n<h4 class=\"wp-block-heading\">Schulturnhalle Grundschule Lasbach<\/h4>\n\n\n\n<p>Lasbachstra\u00dfe 21<br>66287 Quierschied<br>Tr\u00e4ger: Gemeinde Quierschied<\/p>\n\n\n\n<h4 class=\"wp-block-heading\"><br>Jahnturnhalle<\/h4>\n\n\n\n<p>Sebastian-Bach-Stra\u00dfe 25<br>66287 Quierschied<br>Tr\u00e4ger: TV Quierschied<br>Tel.: 06897 62931 (1. Vorsitzender)<\/p>\n","protected":false},"excerpt":{"rendered":"<p>Sporthalle Taubenfeld Im Taubenfeld66287 QuierschiedTr\u00e4ger: Gemeinde Quierschied Schulturnhalle Grundschule Fischbach-Camphausen Heusweilerstra\u00dfe 4566287 QuierschiedTr\u00e4ger: Gemeinde Quierschied Schulturnhalle Grundschule G\u00f6ttelborn\/ Mehrzweckhalle Hauptstra\u00dfe 18966287 QuierschiedTr\u00e4ger: Gemeinde Quierschied Fischbachhalle Quierschieder Stra\u00dfe\/ Marktplatz66287 QuierschiedTr\u00e4ger: Gemeinde Quierschied Schulturnhalle Grundschule Lasbach Lasbachstra\u00dfe 2166287 QuierschiedTr\u00e4ger: Gemeinde Quierschied Jahnturnhalle Sebastian-Bach-Stra\u00dfe 2566287 QuierschiedTr\u00e4ger: TV QuierschiedTel.: 06897 62931 (1. Vorsitzender)<\/p>\n","protected":false},"author":1,"featured_media":0,"parent":0,"menu_order":0,"comment_status":"closed","ping_status":"closed","template":"","meta":{"footnotes":""},"class_list":["post-401","page","type-page","status-publish","hentry"],"_links":{"self":[{"href":"https:\/\/kinder-quierschied.de\/index.php?rest_route=\/wp\/v2\/pages\/401","targetHints":{"allow":["GET"]}}],"collection":[{"href":"https:\/\/kinder-quierschied.de\/index.php?rest_route=\/wp\/v2\/pages"}],"about":[{"href":"https:\/\/kinder-quierschied.de\/index.php?rest_route=\/wp\/v2\/types\/page"}],"author":[{"embeddable":true,"href":"https:\/\/kinder-quierschied.de\/index.php?rest_route=\/wp\/v2\/users\/1"}],"replies":[{"embeddable":true,"href":"https:\/\/kinder-quierschied.de\/index.php?rest_route=%2Fwp%2Fv2%2Fcomments&post=401"}],"version-history":[{"count":0,"href":"https:\/\/kinder-quierschied.de\/index.php?rest_route=\/wp\/v2\/pages\/401\/revisions"}],"wp:attachment":[{"href":"https:\/\/kinder-quierschied.de\/index.php?rest_route=%2Fwp%2Fv2%2Fmedia&parent=401"}],"curies":[{"name":"wp","href":"https:\/\/api.w.org\/{rel}","templated":true}]}}