{"id":236,"date":"2024-02-01T13:44:12","date_gmt":"2024-02-01T13:44:12","guid":{"rendered":"https:\/\/lasbachschule.de\/?page_id=236"},"modified":"2025-09-26T10:54:56","modified_gmt":"2025-09-26T08:54:56","slug":"termine","status":"publish","type":"page","link":"https:\/\/kinder-quierschied.de\/?page_id=236","title":{"rendered":"Termine"},"content":{"rendered":"\n<p><strong>Terminplaner Schuljahr 2025 \/ 26<\/strong><\/p>\n\n\n\n<p><strong>Liebe Eltern,<\/strong><\/p>\n\n\n\n<p>ich m\u00f6chte Sie \u00fcber folgende Termine in diesem Schuljahr informieren.<\/p>\n\n\n\n<p><strong><u>1. Ferien<\/u><\/strong><\/p>\n\n\n\n<p>Angegeben ist jeweils der erste und der letzte Ferientag.<\/p>\n\n\n\n<figure class=\"wp-block-table is-style-stripes\"><table><tbody><tr><td><strong>Herbstferien<\/strong><\/td><td>13.10.2025 \u2013 24.10.2025<\/td><\/tr><tr><td><strong>Weihnachtsferien<\/strong><\/td><td>22.12.2025 \u2013 02.01.2026<\/td><\/tr><tr><td><strong>Fastnachtsferien<\/strong><\/td><td>16.02.2026 \u2013 20.02.2026<\/td><\/tr><tr><td><strong>Osterferien<\/strong><\/td><td>07.04.2026 \u2013 17.04.2026<\/td><\/tr><tr><td><strong>Sommerferien<\/strong><\/td><td>29.06.2026 \u2013 07.08.2026<\/td><\/tr><tr><td><strong>&nbsp;<\/strong><\/td><td>&nbsp;<\/td><\/tr><\/tbody><\/table><\/figure>\n\n\n\n<p><strong>!!! ACHTUNG : Am letzten Tag vor den Ferien innerhalb eines Schuljahres sowie vor einem beweglichen Ferientag ist Unterrichtsende <u>nach der letzten<\/u> <u>stundenplanm\u00e4\u00dfigen Unterrichtsstunde<\/u>. Am letzten Schultag vor den Sommerferien schlie\u00dft der Unterricht nach der dritten Unterrichtsstunde.<\/strong><\/p>\n\n\n\n<p><\/p>\n\n\n\n<p><strong><u>2. Unterrichtsfreie Tage<\/u><\/strong><\/p>\n\n\n\n<div class=\"wp-block-group is-vertical is-layout-flex wp-container-core-group-is-layout-fe9cc265 wp-block-group-is-layout-flex\">\n<p>Tag der Deutschen Einheit &nbsp;&nbsp;&nbsp;&nbsp;&nbsp;&nbsp;&nbsp;&nbsp;&nbsp;&nbsp;&nbsp;&nbsp;&nbsp;&nbsp;&nbsp;&nbsp;&nbsp;&nbsp;&nbsp;&nbsp;&nbsp;&nbsp;&nbsp;&nbsp;&nbsp; Freitag, 03.10.2025<\/p>\n\n\n\n<p>Karfreitag                                                     Freitag, 03.04.2026<\/p>\n\n\n\n<p>Ostermontag                                                Montag, 06.04.2026<\/p>\n\n\n\n<p>Maifeiertag &nbsp;&nbsp;&nbsp;&nbsp;&nbsp;&nbsp;&nbsp;&nbsp;&nbsp;&nbsp;&nbsp;&nbsp;&nbsp;&nbsp;&nbsp;&nbsp;&nbsp;&nbsp;&nbsp;&nbsp;&nbsp;&nbsp;&nbsp;&nbsp;&nbsp;&nbsp;&nbsp;&nbsp;&nbsp;&nbsp;&nbsp;&nbsp;&nbsp;&nbsp;&nbsp;&nbsp;&nbsp;&nbsp;&nbsp;&nbsp;&nbsp;&nbsp;&nbsp;&nbsp;&nbsp;&nbsp;&nbsp;&nbsp;&nbsp;&nbsp;Freitag, 01.05.2026&nbsp;&nbsp;&nbsp;&nbsp;&nbsp;<\/p>\n\n\n\n<p>Christi Himmelfahrt&nbsp;&nbsp;&nbsp; &nbsp;&nbsp;&nbsp;&nbsp;&nbsp;&nbsp;&nbsp;&nbsp;&nbsp;&nbsp;&nbsp;&nbsp;&nbsp;&nbsp;&nbsp;&nbsp;&nbsp;&nbsp;&nbsp;&nbsp;&nbsp;&nbsp;&nbsp;&nbsp;&nbsp;&nbsp;&nbsp;&nbsp;&nbsp;&nbsp;&nbsp;&nbsp;&nbsp;&nbsp;Donnerstag, 14.05.2026<\/p>\n\n\n\n<p>Pfingstmontag&nbsp;&nbsp;&nbsp;&nbsp;&nbsp; &nbsp;&nbsp;&nbsp;&nbsp;&nbsp;&nbsp;&nbsp;&nbsp;&nbsp;&nbsp;&nbsp;&nbsp;&nbsp;&nbsp;&nbsp;&nbsp;&nbsp;&nbsp;&nbsp;&nbsp;&nbsp;&nbsp;&nbsp;&nbsp;&nbsp;&nbsp;&nbsp;&nbsp;&nbsp;&nbsp;&nbsp;&nbsp;&nbsp;&nbsp;&nbsp;&nbsp;&nbsp;&nbsp;&nbsp;&nbsp;Montag, 25.05.2026<\/p>\n\n\n\n<p>Fronleichnam&nbsp;&nbsp;&nbsp;&nbsp;&nbsp;&nbsp;&nbsp;&nbsp;&nbsp;&nbsp;&nbsp;&nbsp;&nbsp; &nbsp;&nbsp;&nbsp;&nbsp;&nbsp;&nbsp;&nbsp;&nbsp;&nbsp;&nbsp;&nbsp;&nbsp;&nbsp;&nbsp;&nbsp;&nbsp;&nbsp;&nbsp;&nbsp;&nbsp;&nbsp;&nbsp;&nbsp;&nbsp;&nbsp;&nbsp;&nbsp;&nbsp;&nbsp;&nbsp;&nbsp;&nbsp;&nbsp; Donnerstag, 04.06.2026<\/p>\n<\/div>\n\n\n\n<p><strong><u>Religi\u00f6se Feiertage des Islams<\/u><\/strong><\/p>\n\n\n\n<p><strong>Ramadanfest<\/strong> (Seker Bayrami)&nbsp;&nbsp;&nbsp;&nbsp;&nbsp;&nbsp;&nbsp;&nbsp;&nbsp;&nbsp;&nbsp;&nbsp;&nbsp;<\/p>\n\n\n\n<p>Freitag, 20.03.2026 bis Sonntag, 22.03.2026<\/p>\n\n\n\n<p><strong>Opferfest <\/strong>(Kurban Bayrami)<\/p>\n\n\n\n<p>Mittwoch, 27.05.2026 bis Freitag, 29.05.2026<\/p>\n\n\n\n<p>Die dem Islam zugeh\u00f6rigen Sch\u00fcler\/innen k\u00f6nnen auf Antrag der Eltern f\u00fcr jeweils einen Tag vom Unterricht befreit werden.<\/p>\n\n\n\n<p><\/p>\n\n\n\n<p><strong><u>3. Weitere schulfreie Tage<\/u><\/strong><strong><\/strong><\/p>\n\n\n\n<p>&#8211; Bewegliche Ferientage: 15.05.2026 und 05.06.2026<\/p>\n\n\n\n<p>&#8211; Kollegiumstag: Donnerstag, 02.10.2025<\/p>\n\n\n\n<p>&#8211; <strong>3 P\u00e4dagogische Tage im Schuljahr 2025 \/ 26<\/strong><\/p>\n\n\n\n<p>1. P\u00e4dagogischer Tag am 29.09.2025: F\u00f6rderung der Lesekompetenz<\/p>\n\n\n\n<p>2. P\u00e4dagogischer Tag am 18.11.2025: Schulleben entwickeln<\/p>\n\n\n\n<p>3. P\u00e4dagogischer Tag, genauer Termin wird noch bekannt gegeben<\/p>\n\n\n\n<p><strong><u>Wichtig<\/u><\/strong>: An diesen Tagen findet kein Unterricht statt und auch die FGTS ist geschlossen.<\/p>\n\n\n\n<p><\/p>\n\n\n\n<p><strong><u>4. Zeugnisausgabe<\/u><\/strong><strong><\/strong><\/p>\n\n\n\n<p><strong>&gt; Ausgabe der Halbjahreszeugnisse:<\/strong> Freitag, 30.01.2026<\/p>\n\n\n\n<p>Der Unterricht endet an diesem Tag <strong>f\u00fcr <u>alle Kinder<\/u> nach der 3. Stunde<\/strong>.<\/p>\n\n\n\n<p><strong>&gt; Ausgabe der Jahreszeugnisse <\/strong>f\u00fcr<strong> <\/strong>1. und 2. Schuljahr: Freitag, 19.06.2026<\/p>\n\n\n\n<p>Der Unterricht endet an diesem Tag <strong>f\u00fcr <u>alle Kinder<\/u> <\/strong>nach der<strong> 5. Stunde<\/strong>.&nbsp;<\/p>\n\n\n\n<p>&gt; <strong>Ausgabe der<\/strong> <strong>Jahreszeugnisse <\/strong>f\u00fcr 3. und 4. Schuljahr: Freitag, 26.06.2026<\/p>\n\n\n\n<p>Der Unterricht endet an diesem Tag <strong>f\u00fcr <u>alle Kinder<\/u> <\/strong>nach der<strong> 3. Stunde<\/strong>.<\/p>\n\n\n\n<p><\/p>\n\n\n\n<p><strong><u>5. Besondere Veranstaltunge<\/u>n<\/strong><\/p>\n\n\n\n<div class=\"wp-block-group is-vertical is-layout-flex wp-container-core-group-is-layout-fe9cc265 wp-block-group-is-layout-flex\">\n<p>&gt; <strong>Infoveranstaltung<\/strong> \u00fcber die weiterf\u00fchrenden Bildungswege f\u00fcr die Klassenstufe 4: Donnerstag, 25.11.2025 um 19 Uhr<\/p>\n\n\n\n<p><strong>&gt; Beratungsgespr\u00e4che<\/strong> f\u00fcr die Erziehungsberechtigten der Sch\u00fcler\/innen des 4. Schuljahres: <\/p>\n\n\n\n<p>Montag, 02.02.2026 bis Donnerstag, 12.02.2026: Die Klassenlehrkraft vergibt Termine.<\/p>\n\n\n\n<p><strong>&gt; Anmeldung<\/strong> an den weiterf\u00fchrenden Schulen: Mittwoch, 25.02.2026 bis Dienstag, 03.03.2026 (auch samstags)<\/p>\n\n\n\n<p><strong>&gt; Jugendverkehrsschule: Radfahrausbildung<\/strong><\/p>\n\n\n\n<p><strong>&nbsp;&nbsp;&nbsp; Zeitrahmen: 01.09.2025 bis 25.09.2025<\/strong><\/p>\n\n\n\n<p><strong>&nbsp;&nbsp;&nbsp; <\/strong>Fahrt mit dem Bus zum \u00dcbungsplatz an der <strong>Grundschule G\u00f6ttelborn<\/strong><\/p>\n\n\n\n<p>&nbsp;&nbsp;&nbsp; Die Klassenlehrkraft teilt die genauen Termine f\u00fcr die Klasse mit.<\/p>\n\n\n\n<p><strong>>\u00a0 Schullandheimaufenthalt in Oberthal<\/strong> vom 17.06.2026 bis 19.06.2026<\/p>\n\n\n\n<p><\/p>\n\n\n\n<p><strong><u>7. Vergleichsarbeiten VERA<\/u><\/strong><strong> (3. Schuljahr)<\/strong><\/p>\n<\/div>\n\n\n\n<div class=\"wp-block-group is-vertical is-layout-flex wp-container-core-group-is-layout-fe9cc265 wp-block-group-is-layout-flex\">\n<p>Im Sinne einer zeitlich-flexiblen Durchf\u00fchrungen der Testungen k\u00f6nnen die Schulen die Schreibtermine f\u00fcr Mathematik, Deutsch I (Lesen) und Deutsch II (Sprachgebrauch)<\/p>\n\n\n\n<p> Deutsch I (Lesen)<\/p>\n\n\n\n<p>Deutsch II: (Sprachgebrauch)<\/p>\n\n\n\n<p>Mathematik<\/p>\n<\/div>\n\n\n\n<p><strong><u>8. Anmeldung der k\u00fcnftigen Erstkl\u00e4ssler<\/u><\/strong><\/p>\n\n\n\n<p>Die Eltern der k\u00fcnftigen Erstkl\u00e4ssler werden postalisch \u00fcber das diesj\u00e4hrige Anmeldeverfahren informiert.<\/p>\n\n\n\n<p>Termin: Dienstag, 11.11.2025 ab 13 Uhr<\/p>\n\n\n\n<p><strong><u>9. Allgemeine Hinweise<\/u><\/strong><\/p>\n\n\n\n<p>&#8211; Im Krankheitsfall melden Sie Ihr Kind bitte <strong>bis sp\u00e4testens 07.30 Uhr<\/strong> in der Schule ab. <strong><\/strong><\/p>\n\n\n\n<p><strong>&nbsp; Telefonnummer des Anrufbeantworters f\u00fcr Krankmeldungen<\/strong>: 06897 601 27<\/p>\n\n\n\n<p><strong>&gt;&nbsp;&nbsp; Bitte nutzen Sie die <u>telefonische<\/u> Krankmeldung auf dem Anrufbeantworter!<\/strong><\/p>\n\n\n\n<p>&nbsp; Bei R\u00fcckkehr in die Schule ist eine<strong> schriftliche Entschuldigung erforderlich.<\/strong><\/p>\n\n\n\n<p>&nbsp; Wenn Ihr Kind die Nachmittagsbetreuung besucht, so melden Sie es im Krankheitsfall auch in der <a href=\"https:\/\/kinder-quierschied.de\/?page_id=240\" data-type=\"page\" data-id=\"240\">FGTS (f\u00fcr weitere Infos einfach anklicken)<\/a> ab. <strong>Telefonnummer der Nachmittagsbetreuung: 06897 601 449<\/strong><\/p>\n\n\n\n<p>&#8211; Bitte beachten Sie das<strong> <u>absolute Halteverbot<\/u> <\/strong>vor der Schule und nutzen die eingerichteten Elternhaltestellen.<\/p>\n\n\n\n<p>&#8211; Fundsachen sind im Schulgeb\u00e4ude vor der Turnhalle zu finden.<\/p>\n\n\n\n<p>&#8211; Bitte achten Sie auf p\u00fcnktliches Erscheinen Ihrer Kinder vor Schulbeginn.<\/p>\n\n\n\n<p>Ab 7.30 Uhr d\u00fcrfen die Kinder in ihre Klassens\u00e4le. Bis sp\u00e4testens 7.45 Uhr m\u00fcssen alle Schulkinder im Klassensaal sein. Danach ist die Eingangst\u00fcr geschlossen und die Klingel bzw. das Telefon sind nicht dauerhaft besetzt.<\/p>\n\n\n\n<p>Herzliche Gr\u00fc\u00dfe<\/p>\n\n\n\n<p>Vera Friedling, Rektorin<\/p>\n","protected":false},"excerpt":{"rendered":"<p>Terminplaner Schuljahr 2025 \/ 26 Liebe Eltern, ich m\u00f6chte Sie \u00fcber folgende Termine in diesem Schuljahr informieren. 1. Ferien Angegeben ist jeweils der erste und der letzte Ferientag. Herbstferien 13.10.2025 \u2013 24.10.2025 Weihnachtsferien 22.12.2025 \u2013 02.01.2026 Fastnachtsferien 16.02.2026 \u2013 20.02.2026 Osterferien 07.04.2026 \u2013 17.04.2026 Sommerferien 29.06.2026 \u2013 07.08.2026 &nbsp; &nbsp; !!! ACHTUNG : Am letzten [&hellip;]<\/p>\n","protected":false},"author":1,"featured_media":0,"parent":53,"menu_order":0,"comment_status":"closed","ping_status":"closed","template":"","meta":{"footnotes":""},"class_list":["post-236","page","type-page","status-publish","hentry"],"_links":{"self":[{"href":"https:\/\/kinder-quierschied.de\/index.php?rest_route=\/wp\/v2\/pages\/236","targetHints":{"allow":["GET"]}}],"collection":[{"href":"https:\/\/kinder-quierschied.de\/index.php?rest_route=\/wp\/v2\/pages"}],"about":[{"href":"https:\/\/kinder-quierschied.de\/index.php?rest_route=\/wp\/v2\/types\/page"}],"author":[{"embeddable":true,"href":"https:\/\/kinder-quierschied.de\/index.php?rest_route=\/wp\/v2\/users\/1"}],"replies":[{"embeddable":true,"href":"https:\/\/kinder-quierschied.de\/index.php?rest_route=%2Fwp%2Fv2%2Fcomments&post=236"}],"version-history":[{"count":6,"href":"https:\/\/kinder-quierschied.de\/index.php?rest_route=\/wp\/v2\/pages\/236\/revisions"}],"predecessor-version":[{"id":2242,"href":"https:\/\/kinder-quierschied.de\/index.php?rest_route=\/wp\/v2\/pages\/236\/revisions\/2242"}],"up":[{"embeddable":true,"href":"https:\/\/kinder-quierschied.de\/index.php?rest_route=\/wp\/v2\/pages\/53"}],"wp:attachment":[{"href":"https:\/\/kinder-quierschied.de\/index.php?rest_route=%2Fwp%2Fv2%2Fmedia&parent=236"}],"curies":[{"name":"wp","href":"https:\/\/api.w.org\/{rel}","templated":true}]}}