{"id":1519,"date":"2025-07-15T14:43:54","date_gmt":"2025-07-15T12:43:54","guid":{"rendered":"https:\/\/kinder-quierschied.de\/?page_id=1519"},"modified":"2025-07-17T11:07:16","modified_gmt":"2025-07-17T09:07:16","slug":"paedagogisches-konzept-2","status":"publish","type":"page","link":"https:\/\/kinder-quierschied.de\/?page_id=1519","title":{"rendered":"P\u00e4dagogisches Konzept"},"content":{"rendered":"\n<h2 class=\"wp-block-heading\">Unser KiTa-Alltag von A bis Z<\/h2>\n\n\n\n<div data-wp-interactive=\"core\/file\" class=\"wp-block-file\"><object data-wp-bind--hidden=\"!state.hasPdfPreview\" hidden class=\"wp-block-file__embed\" data=\"https:\/\/kinder-quierschied.de\/wp-content\/uploads\/2025\/07\/KiTa-ABC.pdf\" type=\"application\/pdf\" style=\"width:100%;height:600px\" aria-label=\"Einbettung von KiTa-ABC.\"><\/object><a id=\"wp-block-file--media-0b054863-d0e3-4fe5-85fb-db67098ad940\" href=\"https:\/\/kinder-quierschied.de\/wp-content\/uploads\/2025\/07\/KiTa-ABC.pdf\">KiTa-ABC<\/a><a href=\"https:\/\/kinder-quierschied.de\/wp-content\/uploads\/2025\/07\/KiTa-ABC.pdf\" class=\"wp-block-file__button wp-element-button\" download aria-describedby=\"wp-block-file--media-0b054863-d0e3-4fe5-85fb-db67098ad940\">Herunterladen<\/a><\/div>\n\n\n\n<h2 class=\"wp-block-heading\">Tagesablauf U3<\/h2>\n\n\n\n<figure class=\"wp-block-table is-style-stripes\"><table class=\"has-fixed-layout\"><tbody><tr><td>7:00 &#8211; 8:00 Uhr<\/td><td>Sammelgruppe <br><em>Strolche-Zimmer<\/em><\/td><\/tr><tr><td>8:00 &#8211; 9:30 Uhr<\/td><td>offenes Fr\u00fchst\u00fcck<\/td><\/tr><tr><td>8:00 &#8211; 11:30 Uhr<\/td><td>Freispiel, p\u00e4d. Angebote oder Ausfl\u00fcge <\/td><\/tr><tr><td>11.30 &#8211; 12:00 Uhr<\/td><td>Mittagessen<\/td><\/tr><tr><td>12:00 &#8211; 14:00 Uhr<\/td><td>Ruhezeit<\/td><\/tr><tr><td>15:00 Uhr<\/td><td>Snack<\/td><\/tr><tr><td>14:00 &#8211; 17:00 Uhr<\/td><td>Freispiel<\/td><\/tr><\/tbody><\/table><\/figure>\n\n\n\n<h2 class=\"wp-block-heading\">Tagesablauf \u00dc3<\/h2>\n\n\n\n<figure class=\"wp-block-table is-style-stripes\"><table class=\"has-fixed-layout\"><tbody><tr><td>7:00 &#8211; 8:00 Uhr<\/td><td>Sammelgruppe <br><em>Wolken- oder Schmetterlingszimmer<\/em><\/td><\/tr><tr><td>8:00 &#8211; 9:30 Uhr<\/td><td>offenes Fr\u00fchst\u00fcck<\/td><\/tr><tr><td>8:00 &#8211; 11:30 Uhr<\/td><td>Freispiel, p\u00e4d. Angebote oder Ausfl\u00fcge<\/td><\/tr><tr><td>11:30 &#8211; 13:15 Uhr<\/td><td>Mittagessen in 3 Gruppen<br><em>11:30 Uhr Wolken<br>12:00 Uhr Regenbogen<br>12:30 Uhr Schmetterlinge + Sterne<\/em><\/td><\/tr><tr><td>12:00 + 15:00 Uhr<\/td><td>Snack <\/td><\/tr><tr><td>13:15 &#8211; 14:00 Uhr<\/td><td>Ruhezeit<\/td><\/tr><tr><td>14:00 &#8211; 17:00 Uhr<\/td><td>Freispiel<\/td><\/tr><\/tbody><\/table><\/figure>\n\n\n\n<h2 class=\"wp-block-heading\">Das saarl\u00e4ndische Bildungsprogramm in unserer KiTa<\/h2>\n\n\n\n<p>Die Aufgaben des Kindergartens sind\u00a0<strong>BETREUEN, ERZIEHEN und BILDEN.<\/strong><br><br>Unsere p\u00e4dagogische Arbeit orientiert sich am <a href=\"http:\/\/www.bildungsserversaarland.de\/\">Saarl\u00e4ndischen Bildungsprogramm.<\/a><br><br>Bildung wird als aktiver Prozess gesehen, der immer auch soziales Lernen bedeutet und nicht auf reine Wissensvermittlung beschr\u00e4nkt ist.<br><br>Bei der Bildung im Kindergarten geht es zum einen um die Herausbildung der eigenen Pers\u00f6nlichkeit des Kindes und zum anderen um die Beziehung des Kindes zu seiner Umwelt.<br><strong>Bildung im Kindergarten geschieht bei den Kindern nur durch die eigene T\u00e4tigkeit und muss durch alle Sinne erfahren werden.<\/strong>\u00a0Neben dem selbstst\u00e4ndigen, selbstt\u00e4tigen Lernen im Offenen Haus, sind folgende Bildungsbereiche in unserer p\u00e4dagogischen Arbeit von gro\u00dfer Bedeutung.<br><br>Bildungsbereich 1: K\u00f6rper, Bewegung und Gesundheit<br><br>Bildungsbereich 2: Soziale und kulturelle Umwelt, Werteerziehung und religi\u00f6se Bildung<br><br>Bildungsbereich 3: Sprache und Schrift<br><br>Bildungsbereich 4: Bildnerisches Gestalten<br><br>Bildungsbereich 5: Musik<br><br>Bildungsbereich 6: Mathematische Grunderfahrungen<br><br>Bildungsbereich 7: Naturwissenschaftliche und technische Grunderfahrungen<\/p>\n","protected":false},"excerpt":{"rendered":"<p>Unser KiTa-Alltag von A bis Z Tagesablauf U3 7:00 &#8211; 8:00 Uhr Sammelgruppe Strolche-Zimmer 8:00 &#8211; 9:30 Uhr offenes Fr\u00fchst\u00fcck 8:00 &#8211; 11:30 Uhr Freispiel, p\u00e4d. Angebote oder Ausfl\u00fcge 11.30 &#8211; 12:00 Uhr Mittagessen 12:00 &#8211; 14:00 Uhr Ruhezeit 15:00 Uhr Snack 14:00 &#8211; 17:00 Uhr Freispiel Tagesablauf \u00dc3 7:00 &#8211; 8:00 Uhr Sammelgruppe Wolken- [&hellip;]<\/p>\n","protected":false},"author":1,"featured_media":0,"parent":49,"menu_order":0,"comment_status":"closed","ping_status":"closed","template":"","meta":{"footnotes":""},"class_list":["post-1519","page","type-page","status-publish","hentry"],"_links":{"self":[{"href":"https:\/\/kinder-quierschied.de\/index.php?rest_route=\/wp\/v2\/pages\/1519","targetHints":{"allow":["GET"]}}],"collection":[{"href":"https:\/\/kinder-quierschied.de\/index.php?rest_route=\/wp\/v2\/pages"}],"about":[{"href":"https:\/\/kinder-quierschied.de\/index.php?rest_route=\/wp\/v2\/types\/page"}],"author":[{"embeddable":true,"href":"https:\/\/kinder-quierschied.de\/index.php?rest_route=\/wp\/v2\/users\/1"}],"replies":[{"embeddable":true,"href":"https:\/\/kinder-quierschied.de\/index.php?rest_route=%2Fwp%2Fv2%2Fcomments&post=1519"}],"version-history":[{"count":0,"href":"https:\/\/kinder-quierschied.de\/index.php?rest_route=\/wp\/v2\/pages\/1519\/revisions"}],"up":[{"embeddable":true,"href":"https:\/\/kinder-quierschied.de\/index.php?rest_route=\/wp\/v2\/pages\/49"}],"wp:attachment":[{"href":"https:\/\/kinder-quierschied.de\/index.php?rest_route=%2Fwp%2Fv2%2Fmedia&parent=1519"}],"curies":[{"name":"wp","href":"https:\/\/api.w.org\/{rel}","templated":true}]}}