{"id":1503,"date":"2025-07-15T14:39:43","date_gmt":"2025-07-15T12:39:43","guid":{"rendered":"https:\/\/kinder-quierschied.de\/?page_id=1503"},"modified":"2025-10-09T09:53:51","modified_gmt":"2025-10-09T07:53:51","slug":"foerderverein","status":"publish","type":"page","link":"https:\/\/kinder-quierschied.de\/?page_id=1503","title":{"rendered":"F\u00f6rderverein"},"content":{"rendered":"\n<h2 class=\"wp-block-heading\">F\u00f6rderverein der Kita Pusteblume &#8211; Kurz erkl\u00e4rt<\/h2>\n\n\n\n<div class=\"wp-block-media-text has-media-on-the-right is-stacked-on-mobile\"><div class=\"wp-block-media-text__content\">\n<p>Der im Juni 2025 gegr\u00fcndete F\u00f6rderverein der Kita Pusteblume unterst\u00fctzt die Kita bei Projekten, Anschaffungen und Veranstaltungen, die \u00fcber die regul\u00e4re Finanzierung hinausgehen. Ziel ist es, die Bildungs- und Betreuungsangebote f\u00fcr die Kinder zu bereichern und die Kita-Gemeinschaft zu st\u00e4rken. Eltern, Angeh\u00f6rige und Interessierte k\u00f6nnen Mitglied werden und so aktiv zum Kita-Leben beitragen.<\/p>\n<\/div><figure class=\"wp-block-media-text__media\"><img fetchpriority=\"high\" decoding=\"async\" width=\"1024\" height=\"678\" src=\"https:\/\/kinder-quierschied.de\/wp-content\/uploads\/2025\/07\/Foerderverein-1-1024x678.jpg\" alt=\"\" class=\"wp-image-1572 size-full\" srcset=\"https:\/\/kinder-quierschied.de\/wp-content\/uploads\/2025\/07\/Foerderverein-1-1024x678.jpg 1024w, https:\/\/kinder-quierschied.de\/wp-content\/uploads\/2025\/07\/Foerderverein-1-300x199.jpg 300w, https:\/\/kinder-quierschied.de\/wp-content\/uploads\/2025\/07\/Foerderverein-1-768x508.jpg 768w, https:\/\/kinder-quierschied.de\/wp-content\/uploads\/2025\/07\/Foerderverein-1-1536x1017.jpg 1536w, https:\/\/kinder-quierschied.de\/wp-content\/uploads\/2025\/07\/Foerderverein-1-2048x1356.jpg 2048w\" sizes=\"(max-width: 1024px) 100vw, 1024px\" \/><\/figure><\/div>\n\n\n\n<h2 class=\"wp-block-heading\">Der Vorstand<\/h2>\n\n\n\n<figure class=\"wp-block-table is-style-stripes\"><table class=\"has-fixed-layout\"><tbody><tr><td>1. Vorsitzende<\/td><td>Cynthia Simmet<\/td><\/tr><tr><td>2. Vorsitzende<\/td><td>Jasmin Blaser<\/td><\/tr><tr><td>Schriftf\u00fchrerin<\/td><td>Aline Blum<\/td><\/tr><tr><td>Kassierer<\/td><td>Stephan Dittscheid<\/td><\/tr><tr><td>Beisitzer<\/td><td>Michael Lehnert <\/td><\/tr><tr><td>Beisitzerin<\/td><td>Bianca Baumgarten-Schmidt<\/td><\/tr><\/tbody><\/table><\/figure>\n\n\n\n<hr class=\"wp-block-separator has-alpha-channel-opacity\"\/>\n\n\n\n<div data-wp-interactive=\"core\/file\" class=\"wp-block-file\"><object data-wp-bind--hidden=\"!state.hasPdfPreview\" hidden class=\"wp-block-file__embed\" data=\"https:\/\/kinder-quierschied.de\/wp-content\/uploads\/2025\/09\/Satzung-Foerderverein.pdf\" type=\"application\/pdf\" style=\"width:100%;height:600px\" aria-label=\"Einbettung von Satzung F\u00f6rderverein.\"><\/object><a id=\"wp-block-file--media-bc69a1af-1d29-413c-9469-ba35d56f780e\" href=\"https:\/\/kinder-quierschied.de\/wp-content\/uploads\/2025\/09\/Satzung-Foerderverein.pdf\">Satzung F\u00f6rderverein<\/a><a href=\"https:\/\/kinder-quierschied.de\/wp-content\/uploads\/2025\/09\/Satzung-Foerderverein.pdf\" class=\"wp-block-file__button wp-element-button\" download aria-describedby=\"wp-block-file--media-bc69a1af-1d29-413c-9469-ba35d56f780e\">Herunterladen<\/a><\/div>\n\n\n\n<hr class=\"wp-block-separator has-alpha-channel-opacity\"\/>\n\n\n\n<div class=\"wp-block-file\"><a id=\"wp-block-file--media-49af014d-0b37-4c7d-8743-35415f4a736b\" href=\"https:\/\/kinder-quierschied.de\/wp-content\/uploads\/2025\/09\/Protokoll_Gruendungsversammlung_1352025.pdf\">Protokoll_Gr\u00fcndungsversammlung_1352025<\/a><a href=\"https:\/\/kinder-quierschied.de\/wp-content\/uploads\/2025\/09\/Protokoll_Gruendungsversammlung_1352025.pdf\" class=\"wp-block-file__button wp-element-button\" download aria-describedby=\"wp-block-file--media-49af014d-0b37-4c7d-8743-35415f4a736b\">Herunterladen<\/a><\/div>\n\n\n\n<hr class=\"wp-block-separator has-alpha-channel-opacity\"\/>\n\n\n\n<h2 class=\"wp-block-heading has-text-align-center\">F\u00f6rdervereine feiern Premiere beim Fischbacher Dorffest<\/h2>\n\n\n\n<div class=\"wp-block-media-text is-stacked-on-mobile\"><figure class=\"wp-block-media-text__media\"><img decoding=\"async\" width=\"1024\" height=\"768\" src=\"https:\/\/kinder-quierschied.de\/wp-content\/uploads\/2025\/10\/857a2713-3944-4c40-b414-ef2c415ef8b5-1024x768.jpeg\" alt=\"\" class=\"wp-image-2290 size-full\" srcset=\"https:\/\/kinder-quierschied.de\/wp-content\/uploads\/2025\/10\/857a2713-3944-4c40-b414-ef2c415ef8b5-1024x768.jpeg 1024w, https:\/\/kinder-quierschied.de\/wp-content\/uploads\/2025\/10\/857a2713-3944-4c40-b414-ef2c415ef8b5-300x225.jpeg 300w, https:\/\/kinder-quierschied.de\/wp-content\/uploads\/2025\/10\/857a2713-3944-4c40-b414-ef2c415ef8b5-768x576.jpeg 768w, https:\/\/kinder-quierschied.de\/wp-content\/uploads\/2025\/10\/857a2713-3944-4c40-b414-ef2c415ef8b5-1536x1152.jpeg 1536w, https:\/\/kinder-quierschied.de\/wp-content\/uploads\/2025\/10\/857a2713-3944-4c40-b414-ef2c415ef8b5.jpeg 2048w\" sizes=\"(max-width: 1024px) 100vw, 1024px\" \/><\/figure><div class=\"wp-block-media-text__content\">\n<p>Erstmals haben die F\u00f6rdervereine der Kita Pusteblume Fischbach und der<br>Grundschule Fischbach beim Fischbacher Dorffest vom 29.08.-31.08.2025<br>gemeinsam einen Stand betrieben. Von Freitag bis Sonntag waren zahlreiche Eltern<br>und Mitglieder mit gro\u00dfem Engagement im Einsatz, um die St\u00e4nde zu betreuen und<br>f\u00fcr das leibliche Wohl der Besucher zu sorgen.<\/p>\n<\/div><\/div>\n\n\n\n<p class=\"has-text-align-center\">Der gesamte Erl\u00f6s kommt ausschlie\u00dflich den Kindern der Kita Pusteblume<br>Fischbach und der Grundschule Fischbach zugute. Damit wird nicht nur die gute<br>Zusammenarbeit der beiden F\u00f6rdervereine sichtbar, sondern es entsteht auch ein<br>direkter Mehrwert f\u00fcr die Kinder in unserer Gemeinde.<\/p>\n\n\n\n<div class=\"wp-block-media-text has-media-on-the-right is-stacked-on-mobile\"><div class=\"wp-block-media-text__content\">\n<p>Ein Highlight war das Kinderprogramm am Sonntag: Mit viel Freude und Kreativit\u00e4t<br>wurden Glitzertattoos gestaltet und beim Kinderschminken viele kleine Gesichter in<br>bunte Fantasiewesen verwandelt. Auch konnten die Kinder einen Parcours meistern<br>und sich auf gleich zwei H\u00fcpfburgen austoben. Das Angebot fand gro\u00dfen Anklang<br>und sorgte f\u00fcr viel Begeisterung.<\/p>\n<\/div><figure class=\"wp-block-media-text__media\"><img decoding=\"async\" width=\"1024\" height=\"574\" src=\"https:\/\/kinder-quierschied.de\/wp-content\/uploads\/2025\/10\/IMG_6589-1-1024x574.jpeg\" alt=\"\" class=\"wp-image-2294 size-full\" srcset=\"https:\/\/kinder-quierschied.de\/wp-content\/uploads\/2025\/10\/IMG_6589-1-1024x574.jpeg 1024w, https:\/\/kinder-quierschied.de\/wp-content\/uploads\/2025\/10\/IMG_6589-1-300x168.jpeg 300w, https:\/\/kinder-quierschied.de\/wp-content\/uploads\/2025\/10\/IMG_6589-1-768x431.jpeg 768w, https:\/\/kinder-quierschied.de\/wp-content\/uploads\/2025\/10\/IMG_6589-1.jpeg 1154w\" sizes=\"(max-width: 1024px) 100vw, 1024px\" \/><\/figure><\/div>\n\n\n\n<p class=\"has-text-align-center\">Die gelungene Premiere hat gezeigt, wie wertvoll Zusammenarbeit und<br>Gemeinschaftssinn sind. Die F\u00f6rdervereine bedanken sich herzlich bei allen<br>Helferinnen und Helfern, die mit ihrer Zeit, ihrem Einsatz und ihrer guten Laune das<br>Dorffest bereichert haben.<\/p>\n\n\n\n<div class=\"wp-block-media-text has-media-on-the-right is-stacked-on-mobile\"><div class=\"wp-block-media-text__content\">\n<p>Die F\u00f6rdervereine der Grundschule Fischbach und der Kita Pusteblume bedanken sich au\u00dferdem recht herzlich bei Immobilien Ludt f\u00fcr die gro\u00dfz\u00fcgige Spende, sowie bei Lotto Thai Elephant f\u00fcr das betriebene Gl\u00fccksrad und die dadurch erhaltene Spende!  <\/p>\n<\/div><figure class=\"wp-block-media-text__media\"><img loading=\"lazy\" decoding=\"async\" width=\"1024\" height=\"768\" src=\"https:\/\/kinder-quierschied.de\/wp-content\/uploads\/2025\/10\/IMG_6603-1024x768.jpeg\" alt=\"\" class=\"wp-image-2293 size-full\" srcset=\"https:\/\/kinder-quierschied.de\/wp-content\/uploads\/2025\/10\/IMG_6603-1024x768.jpeg 1024w, https:\/\/kinder-quierschied.de\/wp-content\/uploads\/2025\/10\/IMG_6603-300x225.jpeg 300w, https:\/\/kinder-quierschied.de\/wp-content\/uploads\/2025\/10\/IMG_6603-768x576.jpeg 768w, https:\/\/kinder-quierschied.de\/wp-content\/uploads\/2025\/10\/IMG_6603-1536x1152.jpeg 1536w, https:\/\/kinder-quierschied.de\/wp-content\/uploads\/2025\/10\/IMG_6603-2048x1536.jpeg 2048w\" sizes=\"(max-width: 1024px) 100vw, 1024px\" \/><\/figure><\/div>\n\n\n\n<div class=\"wp-block-columns is-layout-flex wp-container-core-columns-is-layout-28f84493 wp-block-columns-is-layout-flex\">\n<div class=\"wp-block-column is-layout-flow wp-block-column-is-layout-flow\"><div class=\"wp-block-image\">\n<figure class=\"aligncenter size-large is-resized\"><img loading=\"lazy\" decoding=\"async\" width=\"768\" height=\"1024\" src=\"https:\/\/kinder-quierschied.de\/wp-content\/uploads\/2025\/10\/IMG_6587-768x1024.jpeg\" alt=\"\" class=\"wp-image-2292\" style=\"width:208px;height:auto\" srcset=\"https:\/\/kinder-quierschied.de\/wp-content\/uploads\/2025\/10\/IMG_6587-768x1024.jpeg 768w, https:\/\/kinder-quierschied.de\/wp-content\/uploads\/2025\/10\/IMG_6587-225x300.jpeg 225w, https:\/\/kinder-quierschied.de\/wp-content\/uploads\/2025\/10\/IMG_6587-1152x1536.jpeg 1152w, https:\/\/kinder-quierschied.de\/wp-content\/uploads\/2025\/10\/IMG_6587-1536x2048.jpeg 1536w, https:\/\/kinder-quierschied.de\/wp-content\/uploads\/2025\/10\/IMG_6587-1024x1365.jpeg 1024w, https:\/\/kinder-quierschied.de\/wp-content\/uploads\/2025\/10\/IMG_6587-scaled.jpeg 1920w\" sizes=\"(max-width: 768px) 100vw, 768px\" \/><\/figure>\n<\/div><\/div>\n\n\n\n<div class=\"wp-block-column is-layout-flow wp-block-column-is-layout-flow\"><div class=\"wp-block-image\">\n<figure class=\"aligncenter size-large is-resized\"><img loading=\"lazy\" decoding=\"async\" width=\"1024\" height=\"768\" src=\"https:\/\/kinder-quierschied.de\/wp-content\/uploads\/2025\/10\/IMG_6569-1024x768.jpeg\" alt=\"\" class=\"wp-image-2291\" style=\"width:368px;height:auto\" srcset=\"https:\/\/kinder-quierschied.de\/wp-content\/uploads\/2025\/10\/IMG_6569-1024x768.jpeg 1024w, https:\/\/kinder-quierschied.de\/wp-content\/uploads\/2025\/10\/IMG_6569-300x225.jpeg 300w, https:\/\/kinder-quierschied.de\/wp-content\/uploads\/2025\/10\/IMG_6569-768x576.jpeg 768w, https:\/\/kinder-quierschied.de\/wp-content\/uploads\/2025\/10\/IMG_6569-1536x1152.jpeg 1536w, https:\/\/kinder-quierschied.de\/wp-content\/uploads\/2025\/10\/IMG_6569-2048x1536.jpeg 2048w\" sizes=\"(max-width: 1024px) 100vw, 1024px\" \/><\/figure>\n<\/div><\/div>\n<\/div>\n\n\n\n<p><\/p>\n","protected":false},"excerpt":{"rendered":"<p>F\u00f6rderverein der Kita Pusteblume &#8211; Kurz erkl\u00e4rt Der im Juni 2025 gegr\u00fcndete F\u00f6rderverein der Kita Pusteblume unterst\u00fctzt die Kita bei Projekten, Anschaffungen und Veranstaltungen, die \u00fcber die regul\u00e4re Finanzierung hinausgehen. Ziel ist es, die Bildungs- und Betreuungsangebote f\u00fcr die Kinder zu bereichern und die Kita-Gemeinschaft zu st\u00e4rken. Eltern, Angeh\u00f6rige und Interessierte k\u00f6nnen Mitglied werden und [&hellip;]<\/p>\n","protected":false},"author":1,"featured_media":0,"parent":49,"menu_order":0,"comment_status":"closed","ping_status":"closed","template":"","meta":{"footnotes":""},"class_list":["post-1503","page","type-page","status-publish","hentry"],"_links":{"self":[{"href":"https:\/\/kinder-quierschied.de\/index.php?rest_route=\/wp\/v2\/pages\/1503","targetHints":{"allow":["GET"]}}],"collection":[{"href":"https:\/\/kinder-quierschied.de\/index.php?rest_route=\/wp\/v2\/pages"}],"about":[{"href":"https:\/\/kinder-quierschied.de\/index.php?rest_route=\/wp\/v2\/types\/page"}],"author":[{"embeddable":true,"href":"https:\/\/kinder-quierschied.de\/index.php?rest_route=\/wp\/v2\/users\/1"}],"replies":[{"embeddable":true,"href":"https:\/\/kinder-quierschied.de\/index.php?rest_route=%2Fwp%2Fv2%2Fcomments&post=1503"}],"version-history":[{"count":6,"href":"https:\/\/kinder-quierschied.de\/index.php?rest_route=\/wp\/v2\/pages\/1503\/revisions"}],"predecessor-version":[{"id":2295,"href":"https:\/\/kinder-quierschied.de\/index.php?rest_route=\/wp\/v2\/pages\/1503\/revisions\/2295"}],"up":[{"embeddable":true,"href":"https:\/\/kinder-quierschied.de\/index.php?rest_route=\/wp\/v2\/pages\/49"}],"wp:attachment":[{"href":"https:\/\/kinder-quierschied.de\/index.php?rest_route=%2Fwp%2Fv2%2Fmedia&parent=1503"}],"curies":[{"name":"wp","href":"https:\/\/api.w.org\/{rel}","templated":true}]}}